{"id":119,"date":"2014-03-31T23:15:15","date_gmt":"2014-03-31T23:15:15","guid":{"rendered":"http:\/\/hb-themes.com\/themes\/highend_wp\/?page_id=119"},"modified":"2019-06-27T17:11:46","modified_gmt":"2019-06-27T15:11:46","slug":"home","status":"publish","type":"page","link":"http:\/\/www.holzmanufaktur.co.at\/cs1\/","title":{"rendered":"Home"},"content":{"rendered":"[vc_row][vc_column][vc_text_separator title=&#8220;&#8220;][vc_column_text]\n<p style=\"text-align: center;\">Holzmanufaktur &amp; Ordinationseinrichtungen Christian Schneider | Dr. Karl Rennerstr. 7<br \/>\n2203 Gro\u00dfebersdorf | Tel.: +43(0) 2245\/83 550 | Mobil: +43(0) 676\/954 19 62 | EMail: <a href=\"mailto:office@holzmanufaktur.co.at\">office@holzmanufaktur.co.at<\/a><\/p>\n<p style=\"text-align: center;\"><a href=\"https:\/\/www.facebook.com\/Holzmanufaktur.co.at\/\" target=\"_blank\" rel=\"noopener noreferrer\"><img loading=\"lazy\" class=\"alignnone size-full wp-image-4579\" src=\"http:\/\/www.holzmanufaktur.co.at\/cs1\/wp-content\/uploads\/2019\/02\/fb_schneider.png\" alt=\"\" width=\"50\" height=\"50\" \/><\/a>\u00a0<a href=\"https:\/\/www.instagram.com\/holzmanufaktur_cs\/\" target=\"_blank\" rel=\"noopener noreferrer\"><img loading=\"lazy\" class=\"alignnone size-full wp-image-4581\" src=\"http:\/\/www.holzmanufaktur.co.at\/cs1\/wp-content\/uploads\/2019\/02\/insta_schneider.jpg\" alt=\"\" width=\"50\" height=\"50\" \/><\/a><\/p>\n[\/vc_column_text][\/vc_column][\/vc_row][vc_row][vc_column][\/vc_column][\/vc_row]\n","protected":false},"excerpt":{"rendered":"<p>[vc_row][vc_column][vc_text_separator title=&#8220;&#8220;][vc_column_text] Holzmanufaktur &amp; Ordinationseinrichtungen Christian Schneider | Dr. Karl Rennerstr. 7 2203 Gro\u00dfebersdorf | Tel.: +43(0) 2245\/83 550 | Mobil: +43(0) 676\/954 19 62 | EMail: office@holzmanufaktur.co.at \u00a0 [\/vc_column_text][\/vc_column][\/vc_row][vc_row][vc_column][\/vc_column][\/vc_row]<\/p>\n","protected":false},"author":1,"featured_media":0,"parent":0,"menu_order":0,"comment_status":"closed","ping_status":"closed","template":"","meta":{"_links_to":"","_links_to_target":""},"yoast_head":"<!-- This site is optimized with the Yoast SEO plugin v19.6 - https:\/\/yoast.com\/wordpress\/plugins\/seo\/ -->\n<title>Holzmanufaktur Christian Schneider ... mehr als eine Tischlerei<\/title>\n<meta name=\"description\" content=\"Von der Planung bis zur Umsetzung ist die regionale Meister-Tischlerei mit Qualit\u00e4tsarbeit f\u00fcr Ihre Ideen da: K\u00fcche, Wohnzimmer, Schlafbereich und mehr.\" \/>\n<meta name=\"robots\" content=\"index, follow, max-snippet:-1, max-image-preview:large, max-video-preview:-1\" \/>\n<link rel=\"canonical\" href=\"http:\/\/www.holzmanufaktur.co.at\/cs1\/\" \/>\n<meta property=\"og:locale\" content=\"de_DE\" \/>\n<meta property=\"og:type\" content=\"article\" \/>\n<meta property=\"og:title\" content=\"Holzmanufaktur Christian Schneider ... mehr als eine Tischlerei\" \/>\n<meta property=\"og:description\" content=\"Von der Planung bis zur Umsetzung ist die regionale Meister-Tischlerei mit Qualit\u00e4tsarbeit f\u00fcr Ihre Ideen da: K\u00fcche, Wohnzimmer, Schlafbereich und mehr.\" \/>\n<meta property=\"og:url\" content=\"http:\/\/www.holzmanufaktur.co.at\/cs1\/\" \/>\n<meta property=\"og:site_name\" content=\"Holzmanufaktur Christian Schneider\" \/>\n<meta property=\"article:modified_time\" content=\"2019-06-27T15:11:46+00:00\" \/>\n<meta property=\"og:image\" content=\"http:\/\/www.holzmanufaktur.co.at\/cs1\/wp-content\/uploads\/2019\/02\/fb_schneider.png\" \/>\n<meta name=\"twitter:card\" content=\"summary_large_image\" \/>\n<script type=\"application\/ld+json\" class=\"yoast-schema-graph\">{\"@context\":\"https:\/\/schema.org\",\"@graph\":[{\"@type\":\"WebPage\",\"@id\":\"http:\/\/www.holzmanufaktur.co.at\/cs1\/\",\"url\":\"http:\/\/www.holzmanufaktur.co.at\/cs1\/\",\"name\":\"Holzmanufaktur Christian Schneider ... mehr als eine Tischlerei\",\"isPartOf\":{\"@id\":\"http:\/\/www.holzmanufaktur.co.at\/cs1\/#website\"},\"datePublished\":\"2014-03-31T23:15:15+00:00\",\"dateModified\":\"2019-06-27T15:11:46+00:00\",\"description\":\"Von der Planung bis zur Umsetzung ist die regionale Meister-Tischlerei mit Qualit\u00e4tsarbeit f\u00fcr Ihre Ideen da: K\u00fcche, Wohnzimmer, Schlafbereich und mehr.\",\"breadcrumb\":{\"@id\":\"http:\/\/www.holzmanufaktur.co.at\/cs1\/#breadcrumb\"},\"inLanguage\":\"de-DE\",\"potentialAction\":[{\"@type\":\"ReadAction\",\"target\":[\"http:\/\/www.holzmanufaktur.co.at\/cs1\/\"]}]},{\"@type\":\"BreadcrumbList\",\"@id\":\"http:\/\/www.holzmanufaktur.co.at\/cs1\/#breadcrumb\",\"itemListElement\":[{\"@type\":\"ListItem\",\"position\":1,\"name\":\"Home\",\"item\":\"http:\/\/www.holzmanufaktur.co.at\/cs1\/\"},{\"@type\":\"ListItem\",\"position\":2,\"name\":\"Home\"}]},{\"@type\":\"WebSite\",\"@id\":\"http:\/\/www.holzmanufaktur.co.at\/cs1\/#website\",\"url\":\"http:\/\/www.holzmanufaktur.co.at\/cs1\/\",\"name\":\"Holzmanufaktur Christian Schneider\",\"description\":\"... mehr als eine Tischlerei\",\"publisher\":{\"@id\":\"http:\/\/www.holzmanufaktur.co.at\/cs1\/#organization\"},\"potentialAction\":[{\"@type\":\"SearchAction\",\"target\":{\"@type\":\"EntryPoint\",\"urlTemplate\":\"http:\/\/www.holzmanufaktur.co.at\/cs1\/?s={search_term_string}\"},\"query-input\":\"required name=search_term_string\"}],\"inLanguage\":\"de-DE\"},{\"@type\":\"Organization\",\"@id\":\"http:\/\/www.holzmanufaktur.co.at\/cs1\/#organization\",\"name\":\"Holzmanufaktur Christian Schneider\",\"url\":\"http:\/\/www.holzmanufaktur.co.at\/cs1\/\",\"sameAs\":[],\"logo\":{\"@type\":\"ImageObject\",\"inLanguage\":\"de-DE\",\"@id\":\"http:\/\/www.holzmanufaktur.co.at\/cs1\/#\/schema\/logo\/image\/\",\"url\":\"http:\/\/www.holzmanufaktur.co.at\/cs1\/wp-content\/uploads\/2014\/11\/holzmanu_logo2014_login_2.png\",\"contentUrl\":\"http:\/\/www.holzmanufaktur.co.at\/cs1\/wp-content\/uploads\/2014\/11\/holzmanu_logo2014_login_2.png\",\"width\":600,\"height\":223,\"caption\":\"Holzmanufaktur Christian Schneider\"},\"image\":{\"@id\":\"http:\/\/www.holzmanufaktur.co.at\/cs1\/#\/schema\/logo\/image\/\"}}]}<\/script>\n<!-- \/ Yoast SEO plugin. -->","yoast_head_json":{"title":"Holzmanufaktur Christian Schneider ... mehr als eine Tischlerei","description":"Von der Planung bis zur Umsetzung ist die regionale Meister-Tischlerei mit Qualit\u00e4tsarbeit f\u00fcr Ihre Ideen da: K\u00fcche, Wohnzimmer, Schlafbereich und mehr.","robots":{"index":"index","follow":"follow","max-snippet":"max-snippet:-1","max-image-preview":"max-image-preview:large","max-video-preview":"max-video-preview:-1"},"canonical":"http:\/\/www.holzmanufaktur.co.at\/cs1\/","og_locale":"de_DE","og_type":"article","og_title":"Holzmanufaktur Christian Schneider ... mehr als eine Tischlerei","og_description":"Von der Planung bis zur Umsetzung ist die regionale Meister-Tischlerei mit Qualit\u00e4tsarbeit f\u00fcr Ihre Ideen da: K\u00fcche, Wohnzimmer, Schlafbereich und mehr.","og_url":"http:\/\/www.holzmanufaktur.co.at\/cs1\/","og_site_name":"Holzmanufaktur Christian Schneider","article_modified_time":"2019-06-27T15:11:46+00:00","og_image":[{"url":"http:\/\/www.holzmanufaktur.co.at\/cs1\/wp-content\/uploads\/2019\/02\/fb_schneider.png"}],"twitter_card":"summary_large_image","schema":{"@context":"https:\/\/schema.org","@graph":[{"@type":"WebPage","@id":"http:\/\/www.holzmanufaktur.co.at\/cs1\/","url":"http:\/\/www.holzmanufaktur.co.at\/cs1\/","name":"Holzmanufaktur Christian Schneider ... mehr als eine Tischlerei","isPartOf":{"@id":"http:\/\/www.holzmanufaktur.co.at\/cs1\/#website"},"datePublished":"2014-03-31T23:15:15+00:00","dateModified":"2019-06-27T15:11:46+00:00","description":"Von der Planung bis zur Umsetzung ist die regionale Meister-Tischlerei mit Qualit\u00e4tsarbeit f\u00fcr Ihre Ideen da: K\u00fcche, Wohnzimmer, Schlafbereich und mehr.","breadcrumb":{"@id":"http:\/\/www.holzmanufaktur.co.at\/cs1\/#breadcrumb"},"inLanguage":"de-DE","potentialAction":[{"@type":"ReadAction","target":["http:\/\/www.holzmanufaktur.co.at\/cs1\/"]}]},{"@type":"BreadcrumbList","@id":"http:\/\/www.holzmanufaktur.co.at\/cs1\/#breadcrumb","itemListElement":[{"@type":"ListItem","position":1,"name":"Home","item":"http:\/\/www.holzmanufaktur.co.at\/cs1\/"},{"@type":"ListItem","position":2,"name":"Home"}]},{"@type":"WebSite","@id":"http:\/\/www.holzmanufaktur.co.at\/cs1\/#website","url":"http:\/\/www.holzmanufaktur.co.at\/cs1\/","name":"Holzmanufaktur Christian Schneider","description":"... mehr als eine Tischlerei","publisher":{"@id":"http:\/\/www.holzmanufaktur.co.at\/cs1\/#organization"},"potentialAction":[{"@type":"SearchAction","target":{"@type":"EntryPoint","urlTemplate":"http:\/\/www.holzmanufaktur.co.at\/cs1\/?s={search_term_string}"},"query-input":"required name=search_term_string"}],"inLanguage":"de-DE"},{"@type":"Organization","@id":"http:\/\/www.holzmanufaktur.co.at\/cs1\/#organization","name":"Holzmanufaktur Christian Schneider","url":"http:\/\/www.holzmanufaktur.co.at\/cs1\/","sameAs":[],"logo":{"@type":"ImageObject","inLanguage":"de-DE","@id":"http:\/\/www.holzmanufaktur.co.at\/cs1\/#\/schema\/logo\/image\/","url":"http:\/\/www.holzmanufaktur.co.at\/cs1\/wp-content\/uploads\/2014\/11\/holzmanu_logo2014_login_2.png","contentUrl":"http:\/\/www.holzmanufaktur.co.at\/cs1\/wp-content\/uploads\/2014\/11\/holzmanu_logo2014_login_2.png","width":600,"height":223,"caption":"Holzmanufaktur Christian Schneider"},"image":{"@id":"http:\/\/www.holzmanufaktur.co.at\/cs1\/#\/schema\/logo\/image\/"}}]}},"_links":{"self":[{"href":"http:\/\/www.holzmanufaktur.co.at\/cs1\/wp-json\/wp\/v2\/pages\/119"}],"collection":[{"href":"http:\/\/www.holzmanufaktur.co.at\/cs1\/wp-json\/wp\/v2\/pages"}],"about":[{"href":"http:\/\/www.holzmanufaktur.co.at\/cs1\/wp-json\/wp\/v2\/types\/page"}],"author":[{"embeddable":true,"href":"http:\/\/www.holzmanufaktur.co.at\/cs1\/wp-json\/wp\/v2\/users\/1"}],"replies":[{"embeddable":true,"href":"http:\/\/www.holzmanufaktur.co.at\/cs1\/wp-json\/wp\/v2\/comments?post=119"}],"version-history":[{"count":19,"href":"http:\/\/www.holzmanufaktur.co.at\/cs1\/wp-json\/wp\/v2\/pages\/119\/revisions"}],"predecessor-version":[{"id":4677,"href":"http:\/\/www.holzmanufaktur.co.at\/cs1\/wp-json\/wp\/v2\/pages\/119\/revisions\/4677"}],"wp:attachment":[{"href":"http:\/\/www.holzmanufaktur.co.at\/cs1\/wp-json\/wp\/v2\/media?parent=119"}],"curies":[{"name":"wp","href":"https:\/\/api.w.org\/{rel}","templated":true}]}}