{"id":190,"date":"2014-04-01T06:05:03","date_gmt":"2014-04-01T04:05:03","guid":{"rendered":"http:\/\/hb-themes.com\/themes\/highend_wp\/?page_id=190"},"modified":"2019-06-27T17:01:41","modified_gmt":"2019-06-27T15:01:41","slug":"kontakt","status":"publish","type":"page","link":"http:\/\/www.holzmanufaktur.co.at\/cs1\/kontakt\/","title":{"rendered":"Kontakt"},"content":{"rendered":"[vc_row full_width=&#8220;stretch_row_content_no_spaces&#8220;][vc_column][vc_raw_html]JTNDaWZyYW1lJTIwc3JjJTNEJTIyaHR0cHMlM0ElMkYlMkZ3d3cuZ29vZ2xlLmNvbSUyRm1hcHMlMkZlbWJlZCUzRnBiJTNEJTIxMW0xOCUyMTFtMTIlMjExbTMlMjExZDg5MTcuNjg2MTU1Mjc5NjU4JTIxMmQxNi40NTg1NzIxMTIwMDg3MjQlMjEzZDQ4LjM1NTgzNTc0OTY5NDAzJTIxMm0zJTIxMWYwJTIxMmYwJTIxM2YwJTIxM20yJTIxMWkxMDI0JTIxMmk3NjglMjE0ZjEzLjElMjEzbTMlMjExbTIlMjExczB4NDc2ZDFhZDhhZjMxNTM3NyUyNTNBMHhlYWEzMmI3OTZmMjQ0MDY4JTIxMnNEci4tS2FybC1SZW5uZXItU3RyYSUyNUMzJTI1OUZlJTJCNyUyNTJDJTJCMjIwMyUyQkdybyUyNUMzJTI1OUZlYmVyc2RvcmYlMjE1ZTAlMjEzbTIlMjExc2RlJTIxMnNhdCUyMTR2MTU2MTY0NzQ5ODczMCUyMTVtMiUyMTFzZGUlMjEyc2F0JTIyJTIwd2lkdGglM0QlMjIyMDAwJTIyJTIwaGVpZ2h0JTNEJTIyNDAwJTIyJTIwZnJhbWVib3JkZXIlM0QlMjIwJTIyJTIwc3R5bGUlM0QlMjJib3JkZXIlM0EwJTIyJTIwYWxsb3dmdWxsc2NyZWVuJTNFJTNDJTJGaWZyYW1lJTNF[\/vc_raw_html]<div class=\"shortcode-wrapper shortcode-spacer clearfix\"><div class=\"spacer\"><\/div><\/div>[\/vc_column][\/vc_row][vc_row][vc_column width=&#8220;1\/4&#8243;][vc_column_text]\n<h6>Anschrift:<\/h6>\n<p>Holzmanufaktur &amp; Ordinationseinrichtungen<br \/>\nChristian Schneider<br \/>\nDr. Karl Rennerstr. 7<br \/>\n2203 Gro\u00dfebersdorf<\/p>\n<h6>Telefon:<\/h6>\n<p>Festnetz: +43(0)\/2245\/83 550<br \/>\nMobil: +43(0)\/676\/954 19 62<\/p>\n<h6>Email:<\/h6>\n<p>EMail: <a href=\"mailto:office@holzmanufaktur.co.at\">office@holzmanufaktur.co.at<\/a>[\/vc_column_text][\/vc_column][vc_column width=&#8220;3\/4&#8243;]<div class=\"shortcode-wrapper shortcode-title clearfix\"><h1 class=\"\">Bitte nehmen Sie Kontakt mit uns auf&#8230;.<\/h1><\/div>[vc_column_text]<div class=\"shortcode-wrapper shortcode-spacer clearfix\"><div class=\"spacer\" style=\"height:10px;\"><\/div><\/div>\n<p>Wir werden uns umgehend um ihre Anliegen bem\u00fchen.<\/p>\n<p>Mit freundlichen Gr\u00fc\u00dfen<br \/>\n<strong>Christian Schneider<\/strong><br \/>\nHolzmanufaktur Christian Schneider<\/p>\n<p>Besuchen Sie uns gerne auch hier:<\/p>\n<p><a href=\"https:\/\/www.facebook.com\/Holzmanufaktur.co.at\/\" target=\"_blank\" rel=\"noopener noreferrer\"><img loading=\"lazy\" class=\"alignnone size-full wp-image-4579\" src=\"http:\/\/www.holzmanufaktur.co.at\/cs1\/wp-content\/uploads\/2019\/02\/fb_schneider.png\" alt=\"\" width=\"50\" height=\"50\" \/><\/a>\u00a0<a href=\"https:\/\/www.instagram.com\/holzmanufaktur_cs\/\" target=\"_blank\" rel=\"noopener noreferrer\"><img loading=\"lazy\" class=\"alignnone size-full wp-image-4581\" src=\"http:\/\/www.holzmanufaktur.co.at\/cs1\/wp-content\/uploads\/2019\/02\/insta_schneider.jpg\" alt=\"\" width=\"50\" height=\"50\" \/><\/a>[\/vc_column_text][\/vc_column][\/vc_row]\n","protected":false},"excerpt":{"rendered":"<p>[vc_row full_width=&#8220;stretch_row_content_no_spaces&#8220;][vc_column][vc_raw_html]JTNDaWZyYW1lJTIwc3JjJTNEJTIyaHR0cHMlM0ElMkYlMkZ3d3cuZ29vZ2xlLmNvbSUyRm1hcHMlMkZlbWJlZCUzRnBiJTNEJTIxMW0xOCUyMTFtMTIlMjExbTMlMjExZDg5MTcuNjg2MTU1Mjc5NjU4JTIxMmQxNi40NTg1NzIxMTIwMDg3MjQlMjEzZDQ4LjM1NTgzNTc0OTY5NDAzJTIxMm0zJTIxMWYwJTIxMmYwJTIxM2YwJTIxM20yJTIxMWkxMDI0JTIxMmk3NjglMjE0ZjEzLjElMjEzbTMlMjExbTIlMjExczB4NDc2ZDFhZDhhZjMxNTM3NyUyNTNBMHhlYWEzMmI3OTZmMjQ0MDY4JTIxMnNEci4tS2FybC1SZW5uZXItU3RyYSUyNUMzJTI1OUZlJTJCNyUyNTJDJTJCMjIwMyUyQkdybyUyNUMzJTI1OUZlYmVyc2RvcmYlMjE1ZTAlMjEzbTIlMjExc2RlJTIxMnNhdCUyMTR2MTU2MTY0NzQ5ODczMCUyMTVtMiUyMTFzZGUlMjEyc2F0JTIyJTIwd2lkdGglM0QlMjIyMDAwJTIyJTIwaGVpZ2h0JTNEJTIyNDAwJTIyJTIwZnJhbWVib3JkZXIlM0QlMjIwJTIyJTIwc3R5bGUlM0QlMjJib3JkZXIlM0EwJTIyJTIwYWxsb3dmdWxsc2NyZWVuJTNFJTNDJTJGaWZyYW1lJTNF[\/vc_raw_html][\/vc_column][\/vc_row][vc_row][vc_column width=&#8220;1\/4&#8243;][vc_column_text] Anschrift: Holzmanufaktur &amp; Ordinationseinrichtungen Christian Schneider Dr. Karl Rennerstr. 7 2203 Gro\u00dfebersdorf Telefon: Festnetz: +43(0)\/2245\/83 550 Mobil: +43(0)\/676\/954 19 62 Email: EMail: office@holzmanufaktur.co.at[\/vc_column_text][\/vc_column][vc_column width=&#8220;3\/4&#8243;][vc_column_text] Wir werden uns umgehend um ihre Anliegen bem\u00fchen. Mit freundlichen Gr\u00fc\u00dfen Christian Schneider Holzmanufaktur Christian Schneider Besuchen Sie uns gerne auch hier: \u00a0[\/vc_column_text][\/vc_column][\/vc_row]<\/p>\n","protected":false},"author":1,"featured_media":0,"parent":0,"menu_order":0,"comment_status":"closed","ping_status":"closed","template":"","meta":{"_links_to":"","_links_to_target":""},"yoast_head":"<!-- This site is optimized with the Yoast SEO plugin v19.6 - https:\/\/yoast.com\/wordpress\/plugins\/seo\/ -->\n<title>Kontakt - Holzmanufaktur Christian Schneider<\/title>\n<meta name=\"robots\" content=\"index, follow, max-snippet:-1, max-image-preview:large, max-video-preview:-1\" \/>\n<link rel=\"canonical\" href=\"http:\/\/www.holzmanufaktur.co.at\/cs1\/kontakt\/\" \/>\n<meta property=\"og:locale\" content=\"de_DE\" \/>\n<meta property=\"og:type\" content=\"article\" \/>\n<meta property=\"og:title\" content=\"Kontakt - Holzmanufaktur Christian Schneider\" \/>\n<meta property=\"og:description\" content=\"[vc_row full_width=&#8220;stretch_row_content_no_spaces&#8220;][vc_column][vc_raw_html]JTNDaWZyYW1lJTIwc3JjJTNEJTIyaHR0cHMlM0ElMkYlMkZ3d3cuZ29vZ2xlLmNvbSUyRm1hcHMlMkZlbWJlZCUzRnBiJTNEJTIxMW0xOCUyMTFtMTIlMjExbTMlMjExZDg5MTcuNjg2MTU1Mjc5NjU4JTIxMmQxNi40NTg1NzIxMTIwMDg3MjQlMjEzZDQ4LjM1NTgzNTc0OTY5NDAzJTIxMm0zJTIxMWYwJTIxMmYwJTIxM2YwJTIxM20yJTIxMWkxMDI0JTIxMmk3NjglMjE0ZjEzLjElMjEzbTMlMjExbTIlMjExczB4NDc2ZDFhZDhhZjMxNTM3NyUyNTNBMHhlYWEzMmI3OTZmMjQ0MDY4JTIxMnNEci4tS2FybC1SZW5uZXItU3RyYSUyNUMzJTI1OUZlJTJCNyUyNTJDJTJCMjIwMyUyQkdybyUyNUMzJTI1OUZlYmVyc2RvcmYlMjE1ZTAlMjEzbTIlMjExc2RlJTIxMnNhdCUyMTR2MTU2MTY0NzQ5ODczMCUyMTVtMiUyMTFzZGUlMjEyc2F0JTIyJTIwd2lkdGglM0QlMjIyMDAwJTIyJTIwaGVpZ2h0JTNEJTIyNDAwJTIyJTIwZnJhbWVib3JkZXIlM0QlMjIwJTIyJTIwc3R5bGUlM0QlMjJib3JkZXIlM0EwJTIyJTIwYWxsb3dmdWxsc2NyZWVuJTNFJTNDJTJGaWZyYW1lJTNF[\/vc_raw_html][\/vc_column][\/vc_row][vc_row][vc_column width=&#8220;1\/4&#8243;][vc_column_text] Anschrift: Holzmanufaktur &amp; Ordinationseinrichtungen Christian Schneider Dr. Karl Rennerstr. 7 2203 Gro\u00dfebersdorf Telefon: Festnetz: +43(0)\/2245\/83 550 Mobil: +43(0)\/676\/954 19 62 Email: EMail: office@holzmanufaktur.co.at[\/vc_column_text][\/vc_column][vc_column width=&#8220;3\/4&#8243;][vc_column_text] Wir werden uns umgehend um ihre Anliegen bem\u00fchen. Mit freundlichen Gr\u00fc\u00dfen Christian Schneider Holzmanufaktur Christian Schneider Besuchen Sie uns gerne auch hier: \u00a0[\/vc_column_text][\/vc_column][\/vc_row]\" \/>\n<meta property=\"og:url\" content=\"http:\/\/www.holzmanufaktur.co.at\/cs1\/kontakt\/\" \/>\n<meta property=\"og:site_name\" content=\"Holzmanufaktur Christian Schneider\" \/>\n<meta property=\"article:modified_time\" content=\"2019-06-27T15:01:41+00:00\" \/>\n<meta property=\"og:image\" content=\"http:\/\/www.holzmanufaktur.co.at\/cs1\/wp-content\/uploads\/2019\/02\/fb_schneider.png\" \/>\n<meta name=\"twitter:card\" content=\"summary_large_image\" \/>\n<meta name=\"twitter:label1\" content=\"Gesch\u00e4tzte Lesezeit\" \/>\n\t<meta name=\"twitter:data1\" content=\"1 Minute\" \/>\n<script type=\"application\/ld+json\" class=\"yoast-schema-graph\">{\"@context\":\"https:\/\/schema.org\",\"@graph\":[{\"@type\":\"WebPage\",\"@id\":\"http:\/\/www.holzmanufaktur.co.at\/cs1\/kontakt\/\",\"url\":\"http:\/\/www.holzmanufaktur.co.at\/cs1\/kontakt\/\",\"name\":\"Kontakt - Holzmanufaktur Christian Schneider\",\"isPartOf\":{\"@id\":\"http:\/\/www.holzmanufaktur.co.at\/cs1\/#website\"},\"datePublished\":\"2014-04-01T04:05:03+00:00\",\"dateModified\":\"2019-06-27T15:01:41+00:00\",\"breadcrumb\":{\"@id\":\"http:\/\/www.holzmanufaktur.co.at\/cs1\/kontakt\/#breadcrumb\"},\"inLanguage\":\"de-DE\",\"potentialAction\":[{\"@type\":\"ReadAction\",\"target\":[\"http:\/\/www.holzmanufaktur.co.at\/cs1\/kontakt\/\"]}]},{\"@type\":\"BreadcrumbList\",\"@id\":\"http:\/\/www.holzmanufaktur.co.at\/cs1\/kontakt\/#breadcrumb\",\"itemListElement\":[{\"@type\":\"ListItem\",\"position\":1,\"name\":\"Home\",\"item\":\"http:\/\/www.holzmanufaktur.co.at\/cs1\/\"},{\"@type\":\"ListItem\",\"position\":2,\"name\":\"Kontakt\"}]},{\"@type\":\"WebSite\",\"@id\":\"http:\/\/www.holzmanufaktur.co.at\/cs1\/#website\",\"url\":\"http:\/\/www.holzmanufaktur.co.at\/cs1\/\",\"name\":\"Holzmanufaktur Christian Schneider\",\"description\":\"... mehr als eine Tischlerei\",\"publisher\":{\"@id\":\"http:\/\/www.holzmanufaktur.co.at\/cs1\/#organization\"},\"potentialAction\":[{\"@type\":\"SearchAction\",\"target\":{\"@type\":\"EntryPoint\",\"urlTemplate\":\"http:\/\/www.holzmanufaktur.co.at\/cs1\/?s={search_term_string}\"},\"query-input\":\"required name=search_term_string\"}],\"inLanguage\":\"de-DE\"},{\"@type\":\"Organization\",\"@id\":\"http:\/\/www.holzmanufaktur.co.at\/cs1\/#organization\",\"name\":\"Holzmanufaktur Christian Schneider\",\"url\":\"http:\/\/www.holzmanufaktur.co.at\/cs1\/\",\"sameAs\":[],\"logo\":{\"@type\":\"ImageObject\",\"inLanguage\":\"de-DE\",\"@id\":\"http:\/\/www.holzmanufaktur.co.at\/cs1\/#\/schema\/logo\/image\/\",\"url\":\"http:\/\/www.holzmanufaktur.co.at\/cs1\/wp-content\/uploads\/2014\/11\/holzmanu_logo2014_login_2.png\",\"contentUrl\":\"http:\/\/www.holzmanufaktur.co.at\/cs1\/wp-content\/uploads\/2014\/11\/holzmanu_logo2014_login_2.png\",\"width\":600,\"height\":223,\"caption\":\"Holzmanufaktur Christian Schneider\"},\"image\":{\"@id\":\"http:\/\/www.holzmanufaktur.co.at\/cs1\/#\/schema\/logo\/image\/\"}}]}<\/script>\n<!-- \/ Yoast SEO plugin. -->","yoast_head_json":{"title":"Kontakt - Holzmanufaktur Christian Schneider","robots":{"index":"index","follow":"follow","max-snippet":"max-snippet:-1","max-image-preview":"max-image-preview:large","max-video-preview":"max-video-preview:-1"},"canonical":"http:\/\/www.holzmanufaktur.co.at\/cs1\/kontakt\/","og_locale":"de_DE","og_type":"article","og_title":"Kontakt - Holzmanufaktur Christian Schneider","og_description":"[vc_row full_width=&#8220;stretch_row_content_no_spaces&#8220;][vc_column][vc_raw_html]JTNDaWZyYW1lJTIwc3JjJTNEJTIyaHR0cHMlM0ElMkYlMkZ3d3cuZ29vZ2xlLmNvbSUyRm1hcHMlMkZlbWJlZCUzRnBiJTNEJTIxMW0xOCUyMTFtMTIlMjExbTMlMjExZDg5MTcuNjg2MTU1Mjc5NjU4JTIxMmQxNi40NTg1NzIxMTIwMDg3MjQlMjEzZDQ4LjM1NTgzNTc0OTY5NDAzJTIxMm0zJTIxMWYwJTIxMmYwJTIxM2YwJTIxM20yJTIxMWkxMDI0JTIxMmk3NjglMjE0ZjEzLjElMjEzbTMlMjExbTIlMjExczB4NDc2ZDFhZDhhZjMxNTM3NyUyNTNBMHhlYWEzMmI3OTZmMjQ0MDY4JTIxMnNEci4tS2FybC1SZW5uZXItU3RyYSUyNUMzJTI1OUZlJTJCNyUyNTJDJTJCMjIwMyUyQkdybyUyNUMzJTI1OUZlYmVyc2RvcmYlMjE1ZTAlMjEzbTIlMjExc2RlJTIxMnNhdCUyMTR2MTU2MTY0NzQ5ODczMCUyMTVtMiUyMTFzZGUlMjEyc2F0JTIyJTIwd2lkdGglM0QlMjIyMDAwJTIyJTIwaGVpZ2h0JTNEJTIyNDAwJTIyJTIwZnJhbWVib3JkZXIlM0QlMjIwJTIyJTIwc3R5bGUlM0QlMjJib3JkZXIlM0EwJTIyJTIwYWxsb3dmdWxsc2NyZWVuJTNFJTNDJTJGaWZyYW1lJTNF[\/vc_raw_html][\/vc_column][\/vc_row][vc_row][vc_column width=&#8220;1\/4&#8243;][vc_column_text] Anschrift: Holzmanufaktur &amp; Ordinationseinrichtungen Christian Schneider Dr. Karl Rennerstr. 7 2203 Gro\u00dfebersdorf Telefon: Festnetz: +43(0)\/2245\/83 550 Mobil: +43(0)\/676\/954 19 62 Email: EMail: office@holzmanufaktur.co.at[\/vc_column_text][\/vc_column][vc_column width=&#8220;3\/4&#8243;][vc_column_text] Wir werden uns umgehend um ihre Anliegen bem\u00fchen. Mit freundlichen Gr\u00fc\u00dfen Christian Schneider Holzmanufaktur Christian Schneider Besuchen Sie uns gerne auch hier: \u00a0[\/vc_column_text][\/vc_column][\/vc_row]","og_url":"http:\/\/www.holzmanufaktur.co.at\/cs1\/kontakt\/","og_site_name":"Holzmanufaktur Christian Schneider","article_modified_time":"2019-06-27T15:01:41+00:00","og_image":[{"url":"http:\/\/www.holzmanufaktur.co.at\/cs1\/wp-content\/uploads\/2019\/02\/fb_schneider.png"}],"twitter_card":"summary_large_image","twitter_misc":{"Gesch\u00e4tzte Lesezeit":"1 Minute"},"schema":{"@context":"https:\/\/schema.org","@graph":[{"@type":"WebPage","@id":"http:\/\/www.holzmanufaktur.co.at\/cs1\/kontakt\/","url":"http:\/\/www.holzmanufaktur.co.at\/cs1\/kontakt\/","name":"Kontakt - Holzmanufaktur Christian Schneider","isPartOf":{"@id":"http:\/\/www.holzmanufaktur.co.at\/cs1\/#website"},"datePublished":"2014-04-01T04:05:03+00:00","dateModified":"2019-06-27T15:01:41+00:00","breadcrumb":{"@id":"http:\/\/www.holzmanufaktur.co.at\/cs1\/kontakt\/#breadcrumb"},"inLanguage":"de-DE","potentialAction":[{"@type":"ReadAction","target":["http:\/\/www.holzmanufaktur.co.at\/cs1\/kontakt\/"]}]},{"@type":"BreadcrumbList","@id":"http:\/\/www.holzmanufaktur.co.at\/cs1\/kontakt\/#breadcrumb","itemListElement":[{"@type":"ListItem","position":1,"name":"Home","item":"http:\/\/www.holzmanufaktur.co.at\/cs1\/"},{"@type":"ListItem","position":2,"name":"Kontakt"}]},{"@type":"WebSite","@id":"http:\/\/www.holzmanufaktur.co.at\/cs1\/#website","url":"http:\/\/www.holzmanufaktur.co.at\/cs1\/","name":"Holzmanufaktur Christian Schneider","description":"... mehr als eine Tischlerei","publisher":{"@id":"http:\/\/www.holzmanufaktur.co.at\/cs1\/#organization"},"potentialAction":[{"@type":"SearchAction","target":{"@type":"EntryPoint","urlTemplate":"http:\/\/www.holzmanufaktur.co.at\/cs1\/?s={search_term_string}"},"query-input":"required name=search_term_string"}],"inLanguage":"de-DE"},{"@type":"Organization","@id":"http:\/\/www.holzmanufaktur.co.at\/cs1\/#organization","name":"Holzmanufaktur Christian Schneider","url":"http:\/\/www.holzmanufaktur.co.at\/cs1\/","sameAs":[],"logo":{"@type":"ImageObject","inLanguage":"de-DE","@id":"http:\/\/www.holzmanufaktur.co.at\/cs1\/#\/schema\/logo\/image\/","url":"http:\/\/www.holzmanufaktur.co.at\/cs1\/wp-content\/uploads\/2014\/11\/holzmanu_logo2014_login_2.png","contentUrl":"http:\/\/www.holzmanufaktur.co.at\/cs1\/wp-content\/uploads\/2014\/11\/holzmanu_logo2014_login_2.png","width":600,"height":223,"caption":"Holzmanufaktur Christian Schneider"},"image":{"@id":"http:\/\/www.holzmanufaktur.co.at\/cs1\/#\/schema\/logo\/image\/"}}]}},"_links":{"self":[{"href":"http:\/\/www.holzmanufaktur.co.at\/cs1\/wp-json\/wp\/v2\/pages\/190"}],"collection":[{"href":"http:\/\/www.holzmanufaktur.co.at\/cs1\/wp-json\/wp\/v2\/pages"}],"about":[{"href":"http:\/\/www.holzmanufaktur.co.at\/cs1\/wp-json\/wp\/v2\/types\/page"}],"author":[{"embeddable":true,"href":"http:\/\/www.holzmanufaktur.co.at\/cs1\/wp-json\/wp\/v2\/users\/1"}],"replies":[{"embeddable":true,"href":"http:\/\/www.holzmanufaktur.co.at\/cs1\/wp-json\/wp\/v2\/comments?post=190"}],"version-history":[{"count":18,"href":"http:\/\/www.holzmanufaktur.co.at\/cs1\/wp-json\/wp\/v2\/pages\/190\/revisions"}],"predecessor-version":[{"id":4676,"href":"http:\/\/www.holzmanufaktur.co.at\/cs1\/wp-json\/wp\/v2\/pages\/190\/revisions\/4676"}],"wp:attachment":[{"href":"http:\/\/www.holzmanufaktur.co.at\/cs1\/wp-json\/wp\/v2\/media?parent=190"}],"curies":[{"name":"wp","href":"https:\/\/api.w.org\/{rel}","templated":true}]}}