{"id":4147,"date":"2014-07-06T20:55:20","date_gmt":"2014-07-06T18:55:20","guid":{"rendered":"http:\/\/www.integrationsplattform.com\/cs1\/?page_id=4147"},"modified":"2015-08-17T10:13:03","modified_gmt":"2015-08-17T08:13:03","slug":"restaurierungen","status":"publish","type":"page","link":"http:\/\/www.holzmanufaktur.co.at\/cs1\/restaurierungen\/","title":{"rendered":"Restaurierungen"},"content":{"rendered":"[vc_row][vc_column width=&#8220;1\/2&#8243;]<div class=\"shortcode-wrapper shortcode-title clearfix\"><p class=\"hb-text-large \">Restaurierungen<\/p><\/div><div class=\"shortcode-wrapper shortcode-spacer clearfix\"><div class=\"spacer\" style=\"height:20px;\"><\/div><\/div>[vc_column_text]Die <span style=\"color: #99cc00;\">Kompetenz<\/span> und das <span style=\"color: #99cc00;\">perfekte K\u00f6nnen<\/span> unserer Mitarbeiter, mit jahrzehntelanger Erfahrung und bewandert in alten Handwerkstechniken garantiert <span style=\"color: #99cc00;\">werterhaltende M\u00f6bel<\/span> und erweckt sie sprichw\u00f6rtlich wieder zum Leben.<\/p>\n<p>Wir w\u00fcrden uns freuen, wenn sie unsere Dienste in Anspruch nehmen.<br \/>\n<a href=\"cs1\/kontakt\/\">&gt;&gt; zum Kontaktformular<\/a>[\/vc_column_text][\/vc_column][vc_column width=&#8220;1\/2&#8243;][vc_single_image image=&#8220;4148&#8243; img_size=&#8220;full&#8220; alignment=&#8220;center&#8220; style=&#8220;vc_box_shadow&#8220;][vc_single_image image=&#8220;4134&#8243; img_size=&#8220;full&#8220; alignment=&#8220;center&#8220; style=&#8220;vc_box_shadow&#8220;]<div class=\"shortcode-wrapper shortcode-spacer clearfix\"><div class=\"spacer\" style=\"height:20px;\"><\/div><\/div>[\/vc_column][\/vc_row][vc_row][vc_column]<div class=\"fw-section hb-fw-69f3318bc4c85 without-border light-style\" style=\"margin-top:0px;margin-bottom:0px;padding-top:100px;padding-bottom:100px;\"><div class=\"row fw-content-wrap\"><div class=\"col-12 nbm\">\n<h1 style=\"text-align: center;\"><span style=\"color: #808080;\">&#8222;Kleinigkeiten sind es, die Perfektion ausmachen, aber Perfektion ist alles andere als eine Kleinigkeit.&#8220;<\/span><\/h1>\n<\/div><\/div><div class=\"video-overlay\"><\/div><\/div>[\/vc_column][\/vc_row][vc_row][vc_column][vc_text_separator title=&#8220;&#8220;][vc_column_text]\n<p style=\"text-align: center;\">Holzmanufaktur &amp; Ordinationseinrichtungen Christian Schneider | Dr. Karl Rennerstr. 7<br \/>\n2203 Gro\u00dfebersdorf | Tel.: +43(0) 2245\/83 550 | Mobil: +43(0) 676\/954 19 62 | EMail: <a href=\"mailto:office@holzmanufaktur.co.at\">office@holzmanufaktur.co.at<\/a><\/p>\n[\/vc_column_text][\/vc_column][\/vc_row]\n","protected":false},"excerpt":{"rendered":"<p>[vc_row][vc_column width=&#8220;1\/2&#8243;][vc_column_text]Die Kompetenz und das perfekte K\u00f6nnen unserer Mitarbeiter, mit jahrzehntelanger Erfahrung und bewandert in alten Handwerkstechniken garantiert werterhaltende M\u00f6bel und erweckt sie sprichw\u00f6rtlich wieder zum Leben. Wir w\u00fcrden uns freuen, wenn sie unsere Dienste in Anspruch nehmen. &gt;&gt; zum Kontaktformular[\/vc_column_text][\/vc_column][vc_column width=&#8220;1\/2&#8243;][vc_single_image image=&#8220;4148&#8243; img_size=&#8220;full&#8220; alignment=&#8220;center&#8220; style=&#8220;vc_box_shadow&#8220;][vc_single_image image=&#8220;4134&#8243; img_size=&#8220;full&#8220; alignment=&#8220;center&#8220; style=&#8220;vc_box_shadow&#8220;][\/vc_column][\/vc_row][vc_row][vc_column][\/vc_column][\/vc_row][vc_row][vc_column][vc_text_separator title=&#8220;&#8220;][vc_column_text] Holzmanufaktur &amp; Ordinationseinrichtungen Christian [&hellip;]<\/p>\n","protected":false},"author":1,"featured_media":0,"parent":0,"menu_order":0,"comment_status":"closed","ping_status":"closed","template":"","meta":{"_links_to":"","_links_to_target":""},"yoast_head":"<!-- This site is optimized with the Yoast SEO plugin v19.6 - https:\/\/yoast.com\/wordpress\/plugins\/seo\/ -->\n<title>Restaurierungen - Holzmanufaktur Christian Schneider<\/title>\n<meta name=\"robots\" content=\"index, follow, max-snippet:-1, max-image-preview:large, max-video-preview:-1\" \/>\n<link rel=\"canonical\" href=\"http:\/\/www.holzmanufaktur.co.at\/cs1\/restaurierungen\/\" \/>\n<meta property=\"og:locale\" content=\"de_DE\" \/>\n<meta property=\"og:type\" content=\"article\" \/>\n<meta property=\"og:title\" content=\"Restaurierungen - Holzmanufaktur Christian Schneider\" \/>\n<meta property=\"og:description\" content=\"[vc_row][vc_column width=&#8220;1\/2&#8243;][vc_column_text]Die Kompetenz und das perfekte K\u00f6nnen unserer Mitarbeiter, mit jahrzehntelanger Erfahrung und bewandert in alten Handwerkstechniken garantiert werterhaltende M\u00f6bel und erweckt sie sprichw\u00f6rtlich wieder zum Leben. Wir w\u00fcrden uns freuen, wenn sie unsere Dienste in Anspruch nehmen. &gt;&gt; zum Kontaktformular[\/vc_column_text][\/vc_column][vc_column width=&#8220;1\/2&#8243;][vc_single_image image=&#8220;4148&#8243; img_size=&#8220;full&#8220; alignment=&#8220;center&#8220; style=&#8220;vc_box_shadow&#8220;][vc_single_image image=&#8220;4134&#8243; img_size=&#8220;full&#8220; alignment=&#8220;center&#8220; style=&#8220;vc_box_shadow&#8220;][\/vc_column][\/vc_row][vc_row][vc_column][\/vc_column][\/vc_row][vc_row][vc_column][vc_text_separator title=&#8220;&#8220;][vc_column_text] Holzmanufaktur &amp; Ordinationseinrichtungen Christian [&hellip;]\" \/>\n<meta property=\"og:url\" content=\"http:\/\/www.holzmanufaktur.co.at\/cs1\/restaurierungen\/\" \/>\n<meta property=\"og:site_name\" content=\"Holzmanufaktur Christian Schneider\" \/>\n<meta property=\"article:modified_time\" content=\"2015-08-17T08:13:03+00:00\" \/>\n<meta name=\"twitter:card\" content=\"summary_large_image\" \/>\n<meta name=\"twitter:label1\" content=\"Gesch\u00e4tzte Lesezeit\" \/>\n\t<meta name=\"twitter:data1\" content=\"1 Minute\" \/>\n<script type=\"application\/ld+json\" class=\"yoast-schema-graph\">{\"@context\":\"https:\/\/schema.org\",\"@graph\":[{\"@type\":\"WebPage\",\"@id\":\"http:\/\/www.holzmanufaktur.co.at\/cs1\/restaurierungen\/\",\"url\":\"http:\/\/www.holzmanufaktur.co.at\/cs1\/restaurierungen\/\",\"name\":\"Restaurierungen - Holzmanufaktur Christian Schneider\",\"isPartOf\":{\"@id\":\"http:\/\/www.holzmanufaktur.co.at\/cs1\/#website\"},\"datePublished\":\"2014-07-06T18:55:20+00:00\",\"dateModified\":\"2015-08-17T08:13:03+00:00\",\"breadcrumb\":{\"@id\":\"http:\/\/www.holzmanufaktur.co.at\/cs1\/restaurierungen\/#breadcrumb\"},\"inLanguage\":\"de-DE\",\"potentialAction\":[{\"@type\":\"ReadAction\",\"target\":[\"http:\/\/www.holzmanufaktur.co.at\/cs1\/restaurierungen\/\"]}]},{\"@type\":\"BreadcrumbList\",\"@id\":\"http:\/\/www.holzmanufaktur.co.at\/cs1\/restaurierungen\/#breadcrumb\",\"itemListElement\":[{\"@type\":\"ListItem\",\"position\":1,\"name\":\"Home\",\"item\":\"http:\/\/www.holzmanufaktur.co.at\/cs1\/\"},{\"@type\":\"ListItem\",\"position\":2,\"name\":\"Restaurierungen\"}]},{\"@type\":\"WebSite\",\"@id\":\"http:\/\/www.holzmanufaktur.co.at\/cs1\/#website\",\"url\":\"http:\/\/www.holzmanufaktur.co.at\/cs1\/\",\"name\":\"Holzmanufaktur Christian Schneider\",\"description\":\"... mehr als eine Tischlerei\",\"publisher\":{\"@id\":\"http:\/\/www.holzmanufaktur.co.at\/cs1\/#organization\"},\"potentialAction\":[{\"@type\":\"SearchAction\",\"target\":{\"@type\":\"EntryPoint\",\"urlTemplate\":\"http:\/\/www.holzmanufaktur.co.at\/cs1\/?s={search_term_string}\"},\"query-input\":\"required name=search_term_string\"}],\"inLanguage\":\"de-DE\"},{\"@type\":\"Organization\",\"@id\":\"http:\/\/www.holzmanufaktur.co.at\/cs1\/#organization\",\"name\":\"Holzmanufaktur Christian Schneider\",\"url\":\"http:\/\/www.holzmanufaktur.co.at\/cs1\/\",\"sameAs\":[],\"logo\":{\"@type\":\"ImageObject\",\"inLanguage\":\"de-DE\",\"@id\":\"http:\/\/www.holzmanufaktur.co.at\/cs1\/#\/schema\/logo\/image\/\",\"url\":\"http:\/\/www.holzmanufaktur.co.at\/cs1\/wp-content\/uploads\/2014\/11\/holzmanu_logo2014_login_2.png\",\"contentUrl\":\"http:\/\/www.holzmanufaktur.co.at\/cs1\/wp-content\/uploads\/2014\/11\/holzmanu_logo2014_login_2.png\",\"width\":600,\"height\":223,\"caption\":\"Holzmanufaktur Christian Schneider\"},\"image\":{\"@id\":\"http:\/\/www.holzmanufaktur.co.at\/cs1\/#\/schema\/logo\/image\/\"}}]}<\/script>\n<!-- \/ Yoast SEO plugin. -->","yoast_head_json":{"title":"Restaurierungen - Holzmanufaktur Christian Schneider","robots":{"index":"index","follow":"follow","max-snippet":"max-snippet:-1","max-image-preview":"max-image-preview:large","max-video-preview":"max-video-preview:-1"},"canonical":"http:\/\/www.holzmanufaktur.co.at\/cs1\/restaurierungen\/","og_locale":"de_DE","og_type":"article","og_title":"Restaurierungen - Holzmanufaktur Christian Schneider","og_description":"[vc_row][vc_column width=&#8220;1\/2&#8243;][vc_column_text]Die Kompetenz und das perfekte K\u00f6nnen unserer Mitarbeiter, mit jahrzehntelanger Erfahrung und bewandert in alten Handwerkstechniken garantiert werterhaltende M\u00f6bel und erweckt sie sprichw\u00f6rtlich wieder zum Leben. Wir w\u00fcrden uns freuen, wenn sie unsere Dienste in Anspruch nehmen. &gt;&gt; zum Kontaktformular[\/vc_column_text][\/vc_column][vc_column width=&#8220;1\/2&#8243;][vc_single_image image=&#8220;4148&#8243; img_size=&#8220;full&#8220; alignment=&#8220;center&#8220; style=&#8220;vc_box_shadow&#8220;][vc_single_image image=&#8220;4134&#8243; img_size=&#8220;full&#8220; alignment=&#8220;center&#8220; style=&#8220;vc_box_shadow&#8220;][\/vc_column][\/vc_row][vc_row][vc_column][\/vc_column][\/vc_row][vc_row][vc_column][vc_text_separator title=&#8220;&#8220;][vc_column_text] Holzmanufaktur &amp; Ordinationseinrichtungen Christian [&hellip;]","og_url":"http:\/\/www.holzmanufaktur.co.at\/cs1\/restaurierungen\/","og_site_name":"Holzmanufaktur Christian Schneider","article_modified_time":"2015-08-17T08:13:03+00:00","twitter_card":"summary_large_image","twitter_misc":{"Gesch\u00e4tzte Lesezeit":"1 Minute"},"schema":{"@context":"https:\/\/schema.org","@graph":[{"@type":"WebPage","@id":"http:\/\/www.holzmanufaktur.co.at\/cs1\/restaurierungen\/","url":"http:\/\/www.holzmanufaktur.co.at\/cs1\/restaurierungen\/","name":"Restaurierungen - Holzmanufaktur Christian Schneider","isPartOf":{"@id":"http:\/\/www.holzmanufaktur.co.at\/cs1\/#website"},"datePublished":"2014-07-06T18:55:20+00:00","dateModified":"2015-08-17T08:13:03+00:00","breadcrumb":{"@id":"http:\/\/www.holzmanufaktur.co.at\/cs1\/restaurierungen\/#breadcrumb"},"inLanguage":"de-DE","potentialAction":[{"@type":"ReadAction","target":["http:\/\/www.holzmanufaktur.co.at\/cs1\/restaurierungen\/"]}]},{"@type":"BreadcrumbList","@id":"http:\/\/www.holzmanufaktur.co.at\/cs1\/restaurierungen\/#breadcrumb","itemListElement":[{"@type":"ListItem","position":1,"name":"Home","item":"http:\/\/www.holzmanufaktur.co.at\/cs1\/"},{"@type":"ListItem","position":2,"name":"Restaurierungen"}]},{"@type":"WebSite","@id":"http:\/\/www.holzmanufaktur.co.at\/cs1\/#website","url":"http:\/\/www.holzmanufaktur.co.at\/cs1\/","name":"Holzmanufaktur Christian Schneider","description":"... mehr als eine Tischlerei","publisher":{"@id":"http:\/\/www.holzmanufaktur.co.at\/cs1\/#organization"},"potentialAction":[{"@type":"SearchAction","target":{"@type":"EntryPoint","urlTemplate":"http:\/\/www.holzmanufaktur.co.at\/cs1\/?s={search_term_string}"},"query-input":"required name=search_term_string"}],"inLanguage":"de-DE"},{"@type":"Organization","@id":"http:\/\/www.holzmanufaktur.co.at\/cs1\/#organization","name":"Holzmanufaktur Christian Schneider","url":"http:\/\/www.holzmanufaktur.co.at\/cs1\/","sameAs":[],"logo":{"@type":"ImageObject","inLanguage":"de-DE","@id":"http:\/\/www.holzmanufaktur.co.at\/cs1\/#\/schema\/logo\/image\/","url":"http:\/\/www.holzmanufaktur.co.at\/cs1\/wp-content\/uploads\/2014\/11\/holzmanu_logo2014_login_2.png","contentUrl":"http:\/\/www.holzmanufaktur.co.at\/cs1\/wp-content\/uploads\/2014\/11\/holzmanu_logo2014_login_2.png","width":600,"height":223,"caption":"Holzmanufaktur Christian Schneider"},"image":{"@id":"http:\/\/www.holzmanufaktur.co.at\/cs1\/#\/schema\/logo\/image\/"}}]}},"_links":{"self":[{"href":"http:\/\/www.holzmanufaktur.co.at\/cs1\/wp-json\/wp\/v2\/pages\/4147"}],"collection":[{"href":"http:\/\/www.holzmanufaktur.co.at\/cs1\/wp-json\/wp\/v2\/pages"}],"about":[{"href":"http:\/\/www.holzmanufaktur.co.at\/cs1\/wp-json\/wp\/v2\/types\/page"}],"author":[{"embeddable":true,"href":"http:\/\/www.holzmanufaktur.co.at\/cs1\/wp-json\/wp\/v2\/users\/1"}],"replies":[{"embeddable":true,"href":"http:\/\/www.holzmanufaktur.co.at\/cs1\/wp-json\/wp\/v2\/comments?post=4147"}],"version-history":[{"count":8,"href":"http:\/\/www.holzmanufaktur.co.at\/cs1\/wp-json\/wp\/v2\/pages\/4147\/revisions"}],"predecessor-version":[{"id":4485,"href":"http:\/\/www.holzmanufaktur.co.at\/cs1\/wp-json\/wp\/v2\/pages\/4147\/revisions\/4485"}],"wp:attachment":[{"href":"http:\/\/www.holzmanufaktur.co.at\/cs1\/wp-json\/wp\/v2\/media?parent=4147"}],"curies":[{"name":"wp","href":"https:\/\/api.w.org\/{rel}","templated":true}]}}