{"id":4248,"date":"2014-10-14T08:02:34","date_gmt":"2014-10-14T06:02:34","guid":{"rendered":"http:\/\/www.integrationsplattform.com\/cs1\/?page_id=4248"},"modified":"2019-08-27T10:46:09","modified_gmt":"2019-08-27T08:46:09","slug":"mehr-als-eine-tischlerei","status":"publish","type":"page","link":"http:\/\/www.holzmanufaktur.co.at\/cs1\/mehr-als-eine-tischlerei\/","title":{"rendered":"mehr als eine Tischlerei"},"content":{"rendered":"[vc_row][vc_column width=&#8220;1\/2&#8243;]<div class=\"shortcode-wrapper shortcode-title clearfix\"><p class=\"hb-text-large \">&#8230;mehr als eine Tischlerei<\/p><\/div><div class=\"shortcode-wrapper shortcode-spacer clearfix\"><div class=\"spacer\" style=\"height:20px;\"><\/div><\/div>[vc_column_text]f\u00fcr Sie als Kunde bedeutet dies mehr <span style=\"color: #99cc00;\">Service, Dienstleistungen<\/span> und <span style=\"color: #99cc00;\">Produkte<\/span>,<br \/>\nweit \u00fcber die Kernkompetenz einer Tischlerei hinaus.<\/p>\n<p>Beginnend mit\u00a0 der <span style=\"color: #99cc00;\">3 D Planung und fotorealistischer Visualisierung<\/span>, bis zur <span style=\"color: #99cc00;\">Komplettsanierung<\/span> Ihrer Wohnung. Sowie Au\u00dfenmontagen von Z\u00e4unen und verschiedensten Holzkonstruktionen, Planung und Anfertigung von\u00a0 Firmenschildern, Holzrahmenkonstruktionen und vieles mehr.<\/p>\n<p>Fragen Sie einfach danach Sie werden \u00fcberrascht sein, was wir alles f\u00fcr Sie tun k\u00f6nnen.<\/p>\n<p>\u00dcbrigens, wir von der <strong>HOLZMANUFAKTUR Christian Schneider<\/strong> sind qualifiziert und besitzen die Berechtigung zur Ausf\u00fchrung\u00a0 von einfachen T\u00e4tigkeiten aus dem Fachgebiet der Elektrotechnik und Wasseranschl\u00fcsse f\u00fcr fach\u00fcbergreifende T\u00e4tigkeiten lt. \u00a7 32.2 der GWO.<\/p>\n<p><a href=\"cs1\/kontakt\/\">&gt;&gt; zur Kontaktseite<\/a>[\/vc_column_text][\/vc_column][vc_column width=&#8220;1\/2&#8243;][vc_single_image image=&#8220;4276&#8243; img_size=&#8220;full&#8220; alignment=&#8220;center&#8220; style=&#8220;vc_box_shadow&#8220;][vc_single_image image=&#8220;4409&#8243; img_size=&#8220;full&#8220; alignment=&#8220;center&#8220; style=&#8220;vc_box_shadow&#8220;][vc_single_image image=&#8220;4243&#8243; img_size=&#8220;full&#8220; alignment=&#8220;center&#8220; style=&#8220;vc_box_shadow&#8220;][vc_single_image image=&#8220;4527&#8243; img_size=&#8220;full&#8220; alignment=&#8220;center&#8220; style=&#8220;vc_box_shadow&#8220;]<div class=\"shortcode-wrapper shortcode-spacer clearfix\"><div class=\"spacer\" style=\"height:20px;\"><\/div><\/div>[\/vc_column][\/vc_row][vc_row][vc_column]<div class=\"fw-section hb-fw-69d37c1f46284 without-border light-style\" style=\"margin-top:0px;margin-bottom:0px;padding-top:100px;padding-bottom:100px;\"><div class=\"row fw-content-wrap\"><div class=\"col-12 nbm\">\n<h1 style=\"text-align: center;\"><span style=\"color: #808080;\">&#8222;Das Ganze ist mehr als die Summe seiner Teile.&#8220;<\/span><\/h1>\n<\/div><\/div><div class=\"video-overlay\"><\/div><\/div>[\/vc_column][\/vc_row][vc_row][vc_column][vc_text_separator title=&#8220;&#8220;][vc_column_text]\n<p style=\"text-align: center;\">Holzmanufaktur &amp; Ordinationseinrichtungen Christian Schneider | Dr. Karl Rennerstr. 7<br \/>\n2203 Gro\u00dfebersdorf | Tel.: +43(0) 2245\/83 550 | Mobil: +43(0) 676\/954 19 62 | EMail: <a href=\"mailto:office@holzmanufaktur.co.at\">office@holzmanufaktur.co.at<\/a><\/p>\n<p style=\"text-align: center;\"><a href=\"https:\/\/www.facebook.com\/Holzmanufaktur.co.at\/\" target=\"_blank\" rel=\"noopener noreferrer\"><img loading=\"lazy\" class=\"alignnone size-full wp-image-4579\" src=\"http:\/\/www.holzmanufaktur.co.at\/cs1\/wp-content\/uploads\/2019\/02\/fb_schneider.png\" alt=\"\" width=\"50\" height=\"50\" \/><\/a><a href=\"https:\/\/www.instagram.com\/holzmanufaktur_cs\/\" target=\"_blank\" rel=\"noopener noreferrer\">\u00a0<img loading=\"lazy\" class=\"alignnone size-full wp-image-4581\" src=\"http:\/\/www.holzmanufaktur.co.at\/cs1\/wp-content\/uploads\/2019\/02\/insta_schneider.jpg\" alt=\"\" width=\"50\" height=\"50\" \/><\/a><\/p>\n[\/vc_column_text][\/vc_column][\/vc_row]\n","protected":false},"excerpt":{"rendered":"<p>[vc_row][vc_column width=&#8220;1\/2&#8243;][vc_column_text]f\u00fcr Sie als Kunde bedeutet dies mehr Service, Dienstleistungen und Produkte, weit \u00fcber die Kernkompetenz einer Tischlerei hinaus. Beginnend mit\u00a0 der 3 D Planung und fotorealistischer Visualisierung, bis zur Komplettsanierung Ihrer Wohnung. Sowie Au\u00dfenmontagen von Z\u00e4unen und verschiedensten Holzkonstruktionen, Planung und Anfertigung von\u00a0 Firmenschildern, Holzrahmenkonstruktionen und vieles mehr. Fragen Sie einfach danach Sie werden [&hellip;]<\/p>\n","protected":false},"author":1,"featured_media":0,"parent":0,"menu_order":0,"comment_status":"closed","ping_status":"closed","template":"","meta":{"_links_to":"","_links_to_target":""},"yoast_head":"<!-- This site is optimized with the Yoast SEO plugin v19.6 - https:\/\/yoast.com\/wordpress\/plugins\/seo\/ -->\n<title>mehr als eine Tischlerei - Holzmanufaktur Christian Schneider<\/title>\n<meta name=\"robots\" content=\"index, follow, max-snippet:-1, max-image-preview:large, max-video-preview:-1\" \/>\n<link rel=\"canonical\" href=\"http:\/\/www.holzmanufaktur.co.at\/cs1\/mehr-als-eine-tischlerei\/\" \/>\n<meta property=\"og:locale\" content=\"de_DE\" \/>\n<meta property=\"og:type\" content=\"article\" \/>\n<meta property=\"og:title\" content=\"mehr als eine Tischlerei - Holzmanufaktur Christian Schneider\" \/>\n<meta property=\"og:description\" content=\"[vc_row][vc_column width=&#8220;1\/2&#8243;][vc_column_text]f\u00fcr Sie als Kunde bedeutet dies mehr Service, Dienstleistungen und Produkte, weit \u00fcber die Kernkompetenz einer Tischlerei hinaus. Beginnend mit\u00a0 der 3 D Planung und fotorealistischer Visualisierung, bis zur Komplettsanierung Ihrer Wohnung. Sowie Au\u00dfenmontagen von Z\u00e4unen und verschiedensten Holzkonstruktionen, Planung und Anfertigung von\u00a0 Firmenschildern, Holzrahmenkonstruktionen und vieles mehr. Fragen Sie einfach danach Sie werden [&hellip;]\" \/>\n<meta property=\"og:url\" content=\"http:\/\/www.holzmanufaktur.co.at\/cs1\/mehr-als-eine-tischlerei\/\" \/>\n<meta property=\"og:site_name\" content=\"Holzmanufaktur Christian Schneider\" \/>\n<meta property=\"article:modified_time\" content=\"2019-08-27T08:46:09+00:00\" \/>\n<meta property=\"og:image\" content=\"http:\/\/www.holzmanufaktur.co.at\/cs1\/wp-content\/uploads\/2019\/02\/fb_schneider.png\" \/>\n<meta name=\"twitter:card\" content=\"summary_large_image\" \/>\n<meta name=\"twitter:label1\" content=\"Gesch\u00e4tzte Lesezeit\" \/>\n\t<meta name=\"twitter:data1\" content=\"1 Minute\" \/>\n<script type=\"application\/ld+json\" class=\"yoast-schema-graph\">{\"@context\":\"https:\/\/schema.org\",\"@graph\":[{\"@type\":\"WebPage\",\"@id\":\"http:\/\/www.holzmanufaktur.co.at\/cs1\/mehr-als-eine-tischlerei\/\",\"url\":\"http:\/\/www.holzmanufaktur.co.at\/cs1\/mehr-als-eine-tischlerei\/\",\"name\":\"mehr als eine Tischlerei - Holzmanufaktur Christian Schneider\",\"isPartOf\":{\"@id\":\"http:\/\/www.holzmanufaktur.co.at\/cs1\/#website\"},\"datePublished\":\"2014-10-14T06:02:34+00:00\",\"dateModified\":\"2019-08-27T08:46:09+00:00\",\"breadcrumb\":{\"@id\":\"http:\/\/www.holzmanufaktur.co.at\/cs1\/mehr-als-eine-tischlerei\/#breadcrumb\"},\"inLanguage\":\"de-DE\",\"potentialAction\":[{\"@type\":\"ReadAction\",\"target\":[\"http:\/\/www.holzmanufaktur.co.at\/cs1\/mehr-als-eine-tischlerei\/\"]}]},{\"@type\":\"BreadcrumbList\",\"@id\":\"http:\/\/www.holzmanufaktur.co.at\/cs1\/mehr-als-eine-tischlerei\/#breadcrumb\",\"itemListElement\":[{\"@type\":\"ListItem\",\"position\":1,\"name\":\"Home\",\"item\":\"http:\/\/www.holzmanufaktur.co.at\/cs1\/\"},{\"@type\":\"ListItem\",\"position\":2,\"name\":\"mehr als eine Tischlerei\"}]},{\"@type\":\"WebSite\",\"@id\":\"http:\/\/www.holzmanufaktur.co.at\/cs1\/#website\",\"url\":\"http:\/\/www.holzmanufaktur.co.at\/cs1\/\",\"name\":\"Holzmanufaktur Christian Schneider\",\"description\":\"... mehr als eine Tischlerei\",\"publisher\":{\"@id\":\"http:\/\/www.holzmanufaktur.co.at\/cs1\/#organization\"},\"potentialAction\":[{\"@type\":\"SearchAction\",\"target\":{\"@type\":\"EntryPoint\",\"urlTemplate\":\"http:\/\/www.holzmanufaktur.co.at\/cs1\/?s={search_term_string}\"},\"query-input\":\"required name=search_term_string\"}],\"inLanguage\":\"de-DE\"},{\"@type\":\"Organization\",\"@id\":\"http:\/\/www.holzmanufaktur.co.at\/cs1\/#organization\",\"name\":\"Holzmanufaktur Christian Schneider\",\"url\":\"http:\/\/www.holzmanufaktur.co.at\/cs1\/\",\"sameAs\":[],\"logo\":{\"@type\":\"ImageObject\",\"inLanguage\":\"de-DE\",\"@id\":\"http:\/\/www.holzmanufaktur.co.at\/cs1\/#\/schema\/logo\/image\/\",\"url\":\"http:\/\/www.holzmanufaktur.co.at\/cs1\/wp-content\/uploads\/2014\/11\/holzmanu_logo2014_login_2.png\",\"contentUrl\":\"http:\/\/www.holzmanufaktur.co.at\/cs1\/wp-content\/uploads\/2014\/11\/holzmanu_logo2014_login_2.png\",\"width\":600,\"height\":223,\"caption\":\"Holzmanufaktur Christian Schneider\"},\"image\":{\"@id\":\"http:\/\/www.holzmanufaktur.co.at\/cs1\/#\/schema\/logo\/image\/\"}}]}<\/script>\n<!-- \/ Yoast SEO plugin. -->","yoast_head_json":{"title":"mehr als eine Tischlerei - Holzmanufaktur Christian Schneider","robots":{"index":"index","follow":"follow","max-snippet":"max-snippet:-1","max-image-preview":"max-image-preview:large","max-video-preview":"max-video-preview:-1"},"canonical":"http:\/\/www.holzmanufaktur.co.at\/cs1\/mehr-als-eine-tischlerei\/","og_locale":"de_DE","og_type":"article","og_title":"mehr als eine Tischlerei - Holzmanufaktur Christian Schneider","og_description":"[vc_row][vc_column width=&#8220;1\/2&#8243;][vc_column_text]f\u00fcr Sie als Kunde bedeutet dies mehr Service, Dienstleistungen und Produkte, weit \u00fcber die Kernkompetenz einer Tischlerei hinaus. Beginnend mit\u00a0 der 3 D Planung und fotorealistischer Visualisierung, bis zur Komplettsanierung Ihrer Wohnung. Sowie Au\u00dfenmontagen von Z\u00e4unen und verschiedensten Holzkonstruktionen, Planung und Anfertigung von\u00a0 Firmenschildern, Holzrahmenkonstruktionen und vieles mehr. Fragen Sie einfach danach Sie werden [&hellip;]","og_url":"http:\/\/www.holzmanufaktur.co.at\/cs1\/mehr-als-eine-tischlerei\/","og_site_name":"Holzmanufaktur Christian Schneider","article_modified_time":"2019-08-27T08:46:09+00:00","og_image":[{"url":"http:\/\/www.holzmanufaktur.co.at\/cs1\/wp-content\/uploads\/2019\/02\/fb_schneider.png"}],"twitter_card":"summary_large_image","twitter_misc":{"Gesch\u00e4tzte Lesezeit":"1 Minute"},"schema":{"@context":"https:\/\/schema.org","@graph":[{"@type":"WebPage","@id":"http:\/\/www.holzmanufaktur.co.at\/cs1\/mehr-als-eine-tischlerei\/","url":"http:\/\/www.holzmanufaktur.co.at\/cs1\/mehr-als-eine-tischlerei\/","name":"mehr als eine Tischlerei - Holzmanufaktur Christian Schneider","isPartOf":{"@id":"http:\/\/www.holzmanufaktur.co.at\/cs1\/#website"},"datePublished":"2014-10-14T06:02:34+00:00","dateModified":"2019-08-27T08:46:09+00:00","breadcrumb":{"@id":"http:\/\/www.holzmanufaktur.co.at\/cs1\/mehr-als-eine-tischlerei\/#breadcrumb"},"inLanguage":"de-DE","potentialAction":[{"@type":"ReadAction","target":["http:\/\/www.holzmanufaktur.co.at\/cs1\/mehr-als-eine-tischlerei\/"]}]},{"@type":"BreadcrumbList","@id":"http:\/\/www.holzmanufaktur.co.at\/cs1\/mehr-als-eine-tischlerei\/#breadcrumb","itemListElement":[{"@type":"ListItem","position":1,"name":"Home","item":"http:\/\/www.holzmanufaktur.co.at\/cs1\/"},{"@type":"ListItem","position":2,"name":"mehr als eine Tischlerei"}]},{"@type":"WebSite","@id":"http:\/\/www.holzmanufaktur.co.at\/cs1\/#website","url":"http:\/\/www.holzmanufaktur.co.at\/cs1\/","name":"Holzmanufaktur Christian Schneider","description":"... mehr als eine Tischlerei","publisher":{"@id":"http:\/\/www.holzmanufaktur.co.at\/cs1\/#organization"},"potentialAction":[{"@type":"SearchAction","target":{"@type":"EntryPoint","urlTemplate":"http:\/\/www.holzmanufaktur.co.at\/cs1\/?s={search_term_string}"},"query-input":"required name=search_term_string"}],"inLanguage":"de-DE"},{"@type":"Organization","@id":"http:\/\/www.holzmanufaktur.co.at\/cs1\/#organization","name":"Holzmanufaktur Christian Schneider","url":"http:\/\/www.holzmanufaktur.co.at\/cs1\/","sameAs":[],"logo":{"@type":"ImageObject","inLanguage":"de-DE","@id":"http:\/\/www.holzmanufaktur.co.at\/cs1\/#\/schema\/logo\/image\/","url":"http:\/\/www.holzmanufaktur.co.at\/cs1\/wp-content\/uploads\/2014\/11\/holzmanu_logo2014_login_2.png","contentUrl":"http:\/\/www.holzmanufaktur.co.at\/cs1\/wp-content\/uploads\/2014\/11\/holzmanu_logo2014_login_2.png","width":600,"height":223,"caption":"Holzmanufaktur Christian Schneider"},"image":{"@id":"http:\/\/www.holzmanufaktur.co.at\/cs1\/#\/schema\/logo\/image\/"}}]}},"_links":{"self":[{"href":"http:\/\/www.holzmanufaktur.co.at\/cs1\/wp-json\/wp\/v2\/pages\/4248"}],"collection":[{"href":"http:\/\/www.holzmanufaktur.co.at\/cs1\/wp-json\/wp\/v2\/pages"}],"about":[{"href":"http:\/\/www.holzmanufaktur.co.at\/cs1\/wp-json\/wp\/v2\/types\/page"}],"author":[{"embeddable":true,"href":"http:\/\/www.holzmanufaktur.co.at\/cs1\/wp-json\/wp\/v2\/users\/1"}],"replies":[{"embeddable":true,"href":"http:\/\/www.holzmanufaktur.co.at\/cs1\/wp-json\/wp\/v2\/comments?post=4248"}],"version-history":[{"count":21,"href":"http:\/\/www.holzmanufaktur.co.at\/cs1\/wp-json\/wp\/v2\/pages\/4248\/revisions"}],"predecessor-version":[{"id":4744,"href":"http:\/\/www.holzmanufaktur.co.at\/cs1\/wp-json\/wp\/v2\/pages\/4248\/revisions\/4744"}],"wp:attachment":[{"href":"http:\/\/www.holzmanufaktur.co.at\/cs1\/wp-json\/wp\/v2\/media?parent=4248"}],"curies":[{"name":"wp","href":"https:\/\/api.w.org\/{rel}","templated":true}]}}