{"id":4570,"date":"2019-02-13T17:53:37","date_gmt":"2019-02-13T15:53:37","guid":{"rendered":"http:\/\/www.holzmanufaktur.co.at\/cs1\/?page_id=4570"},"modified":"2019-02-18T10:31:15","modified_gmt":"2019-02-18T08:31:15","slug":"mehr-als-eine-tischlerei-2","status":"publish","type":"page","link":"http:\/\/www.holzmanufaktur.co.at\/cs1\/mehr-als-eine-tischlerei-2\/","title":{"rendered":"Tipps"},"content":{"rendered":"[vc_row][vc_column width=&#8220;1\/2&#8243;]<div class=\"shortcode-wrapper shortcode-title clearfix\"><p class=\"hb-text-large \">&#8230;hilfreiches f\u00fcr unsere Kunden<\/p><\/div><div class=\"shortcode-wrapper shortcode-spacer clearfix\"><div class=\"spacer\" style=\"height:20px;\"><\/div><\/div>[vc_column_text]Gerne \u00fcbernehmen wir f\u00fcr Sie die fachgerechte T\u00fcrmontage. Bei Eigenmontage anbei ein paar Hilfestellungen f\u00fcr Sie&#8230;<\/p>\n<p><a href=\"http:\/\/www.holzmanufaktur.co.at\/cs1\/pdf\/tuermontage.pdf\">&gt;&gt; T\u00fcrmontage-Tipps<\/a>[\/vc_column_text][\/vc_column][vc_column width=&#8220;1\/2&#8243;][vc_single_image image=&#8220;4276&#8243; img_size=&#8220;full&#8220; alignment=&#8220;center&#8220; style=&#8220;vc_box_shadow&#8220;][vc_single_image image=&#8220;4409&#8243; img_size=&#8220;full&#8220; alignment=&#8220;center&#8220; style=&#8220;vc_box_shadow&#8220;][\/vc_column][\/vc_row][vc_row][vc_column]<div class=\"fw-section hb-fw-6a08f69fd9a1b without-border light-style\" style=\"margin-top:0px;margin-bottom:0px;padding-top:100px;padding-bottom:100px;\"><div class=\"row fw-content-wrap\"><div class=\"col-12 nbm\">\n<h1 style=\"text-align: center;\"><span style=\"color: #808080;\">&#8222;Dem ist gut helfen, der sich helfen lassen will&#8220;<\/span><\/h1>\n<\/div><\/div><div class=\"video-overlay\"><\/div><\/div>[\/vc_column][\/vc_row][vc_row][vc_column][vc_text_separator title=&#8220;&#8220;][vc_column_text]\n<p style=\"text-align: center;\">Holzmanufaktur &amp; Ordinationseinrichtungen Christian Schneider | Dr. Karl Rennerstr. 7<br \/>\n2203 Gro\u00dfebersdorf | Tel.: +43(0) 2245\/83 550 | Mobil: +43(0) 676\/954 19 62 | EMail: <a href=\"mailto:office@holzmanufaktur.co.at\">office@holzmanufaktur.co.at<\/a><\/p>\n<p style=\"text-align: center;\"><a href=\"https:\/\/www.facebook.com\/Holzmanufaktur.co.at\/\" target=\"_blank\" rel=\"noopener\"><img loading=\"lazy\" class=\"alignnone size-full wp-image-4579\" src=\"http:\/\/www.holzmanufaktur.co.at\/cs1\/wp-content\/uploads\/2019\/02\/fb_schneider.png\" alt=\"\" width=\"50\" height=\"50\" \/><\/a>\u00a0<a href=\"https:\/\/www.instagram.com\/holzmanufaktur_cs\/\" target=\"_blank\" rel=\"noopener\"><img loading=\"lazy\" class=\"alignnone size-full wp-image-4581\" src=\"http:\/\/www.holzmanufaktur.co.at\/cs1\/wp-content\/uploads\/2019\/02\/insta_schneider.jpg\" alt=\"\" width=\"50\" height=\"50\" \/><\/a><\/p>\n[\/vc_column_text][\/vc_column][\/vc_row]\n","protected":false},"excerpt":{"rendered":"<p>[vc_row][vc_column width=&#8220;1\/2&#8243;][vc_column_text]Gerne \u00fcbernehmen wir f\u00fcr Sie die fachgerechte T\u00fcrmontage. Bei Eigenmontage anbei ein paar Hilfestellungen f\u00fcr Sie&#8230; &gt;&gt; T\u00fcrmontage-Tipps[\/vc_column_text][\/vc_column][vc_column width=&#8220;1\/2&#8243;][vc_single_image image=&#8220;4276&#8243; img_size=&#8220;full&#8220; alignment=&#8220;center&#8220; style=&#8220;vc_box_shadow&#8220;][vc_single_image image=&#8220;4409&#8243; img_size=&#8220;full&#8220; alignment=&#8220;center&#8220; style=&#8220;vc_box_shadow&#8220;][\/vc_column][\/vc_row][vc_row][vc_column][\/vc_column][\/vc_row][vc_row][vc_column][vc_text_separator title=&#8220;&#8220;][vc_column_text] Holzmanufaktur &amp; Ordinationseinrichtungen Christian Schneider | Dr. Karl Rennerstr. 7 2203 Gro\u00dfebersdorf | Tel.: +43(0) 2245\/83 550 | Mobil: +43(0) 676\/954 19 62 | EMail: office@holzmanufaktur.co.at [&hellip;]<\/p>\n","protected":false},"author":2,"featured_media":0,"parent":0,"menu_order":0,"comment_status":"closed","ping_status":"closed","template":"","meta":{"_links_to":"","_links_to_target":""},"yoast_head":"<!-- This site is optimized with the Yoast SEO plugin v19.6 - https:\/\/yoast.com\/wordpress\/plugins\/seo\/ -->\n<title>Tipps - Holzmanufaktur Christian Schneider<\/title>\n<meta name=\"robots\" content=\"index, follow, max-snippet:-1, max-image-preview:large, max-video-preview:-1\" \/>\n<link rel=\"canonical\" href=\"http:\/\/www.holzmanufaktur.co.at\/cs1\/mehr-als-eine-tischlerei-2\/\" \/>\n<meta property=\"og:locale\" content=\"de_DE\" \/>\n<meta property=\"og:type\" content=\"article\" \/>\n<meta property=\"og:title\" content=\"Tipps - Holzmanufaktur Christian Schneider\" \/>\n<meta property=\"og:description\" content=\"[vc_row][vc_column width=&#8220;1\/2&#8243;][vc_column_text]Gerne \u00fcbernehmen wir f\u00fcr Sie die fachgerechte T\u00fcrmontage. Bei Eigenmontage anbei ein paar Hilfestellungen f\u00fcr Sie&#8230; &gt;&gt; T\u00fcrmontage-Tipps[\/vc_column_text][\/vc_column][vc_column width=&#8220;1\/2&#8243;][vc_single_image image=&#8220;4276&#8243; img_size=&#8220;full&#8220; alignment=&#8220;center&#8220; style=&#8220;vc_box_shadow&#8220;][vc_single_image image=&#8220;4409&#8243; img_size=&#8220;full&#8220; alignment=&#8220;center&#8220; style=&#8220;vc_box_shadow&#8220;][\/vc_column][\/vc_row][vc_row][vc_column][\/vc_column][\/vc_row][vc_row][vc_column][vc_text_separator title=&#8220;&#8220;][vc_column_text] Holzmanufaktur &amp; Ordinationseinrichtungen Christian Schneider | Dr. Karl Rennerstr. 7 2203 Gro\u00dfebersdorf | Tel.: +43(0) 2245\/83 550 | Mobil: +43(0) 676\/954 19 62 | EMail: office@holzmanufaktur.co.at [&hellip;]\" \/>\n<meta property=\"og:url\" content=\"http:\/\/www.holzmanufaktur.co.at\/cs1\/mehr-als-eine-tischlerei-2\/\" \/>\n<meta property=\"og:site_name\" content=\"Holzmanufaktur Christian Schneider\" \/>\n<meta property=\"article:modified_time\" content=\"2019-02-18T08:31:15+00:00\" \/>\n<meta property=\"og:image\" content=\"http:\/\/www.holzmanufaktur.co.at\/cs1\/wp-content\/uploads\/2019\/02\/fb_schneider.png\" \/>\n<meta name=\"twitter:card\" content=\"summary_large_image\" \/>\n<meta name=\"twitter:label1\" content=\"Gesch\u00e4tzte Lesezeit\" \/>\n\t<meta name=\"twitter:data1\" content=\"1 Minute\" \/>\n<script type=\"application\/ld+json\" class=\"yoast-schema-graph\">{\"@context\":\"https:\/\/schema.org\",\"@graph\":[{\"@type\":\"WebPage\",\"@id\":\"http:\/\/www.holzmanufaktur.co.at\/cs1\/mehr-als-eine-tischlerei-2\/\",\"url\":\"http:\/\/www.holzmanufaktur.co.at\/cs1\/mehr-als-eine-tischlerei-2\/\",\"name\":\"Tipps - Holzmanufaktur Christian Schneider\",\"isPartOf\":{\"@id\":\"http:\/\/www.holzmanufaktur.co.at\/cs1\/#website\"},\"datePublished\":\"2019-02-13T15:53:37+00:00\",\"dateModified\":\"2019-02-18T08:31:15+00:00\",\"breadcrumb\":{\"@id\":\"http:\/\/www.holzmanufaktur.co.at\/cs1\/mehr-als-eine-tischlerei-2\/#breadcrumb\"},\"inLanguage\":\"de-DE\",\"potentialAction\":[{\"@type\":\"ReadAction\",\"target\":[\"http:\/\/www.holzmanufaktur.co.at\/cs1\/mehr-als-eine-tischlerei-2\/\"]}]},{\"@type\":\"BreadcrumbList\",\"@id\":\"http:\/\/www.holzmanufaktur.co.at\/cs1\/mehr-als-eine-tischlerei-2\/#breadcrumb\",\"itemListElement\":[{\"@type\":\"ListItem\",\"position\":1,\"name\":\"Home\",\"item\":\"http:\/\/www.holzmanufaktur.co.at\/cs1\/\"},{\"@type\":\"ListItem\",\"position\":2,\"name\":\"Tipps\"}]},{\"@type\":\"WebSite\",\"@id\":\"http:\/\/www.holzmanufaktur.co.at\/cs1\/#website\",\"url\":\"http:\/\/www.holzmanufaktur.co.at\/cs1\/\",\"name\":\"Holzmanufaktur Christian Schneider\",\"description\":\"... mehr als eine Tischlerei\",\"publisher\":{\"@id\":\"http:\/\/www.holzmanufaktur.co.at\/cs1\/#organization\"},\"potentialAction\":[{\"@type\":\"SearchAction\",\"target\":{\"@type\":\"EntryPoint\",\"urlTemplate\":\"http:\/\/www.holzmanufaktur.co.at\/cs1\/?s={search_term_string}\"},\"query-input\":\"required name=search_term_string\"}],\"inLanguage\":\"de-DE\"},{\"@type\":\"Organization\",\"@id\":\"http:\/\/www.holzmanufaktur.co.at\/cs1\/#organization\",\"name\":\"Holzmanufaktur Christian Schneider\",\"url\":\"http:\/\/www.holzmanufaktur.co.at\/cs1\/\",\"sameAs\":[],\"logo\":{\"@type\":\"ImageObject\",\"inLanguage\":\"de-DE\",\"@id\":\"http:\/\/www.holzmanufaktur.co.at\/cs1\/#\/schema\/logo\/image\/\",\"url\":\"http:\/\/www.holzmanufaktur.co.at\/cs1\/wp-content\/uploads\/2014\/11\/holzmanu_logo2014_login_2.png\",\"contentUrl\":\"http:\/\/www.holzmanufaktur.co.at\/cs1\/wp-content\/uploads\/2014\/11\/holzmanu_logo2014_login_2.png\",\"width\":600,\"height\":223,\"caption\":\"Holzmanufaktur Christian Schneider\"},\"image\":{\"@id\":\"http:\/\/www.holzmanufaktur.co.at\/cs1\/#\/schema\/logo\/image\/\"}}]}<\/script>\n<!-- \/ Yoast SEO plugin. -->","yoast_head_json":{"title":"Tipps - Holzmanufaktur Christian Schneider","robots":{"index":"index","follow":"follow","max-snippet":"max-snippet:-1","max-image-preview":"max-image-preview:large","max-video-preview":"max-video-preview:-1"},"canonical":"http:\/\/www.holzmanufaktur.co.at\/cs1\/mehr-als-eine-tischlerei-2\/","og_locale":"de_DE","og_type":"article","og_title":"Tipps - Holzmanufaktur Christian Schneider","og_description":"[vc_row][vc_column width=&#8220;1\/2&#8243;][vc_column_text]Gerne \u00fcbernehmen wir f\u00fcr Sie die fachgerechte T\u00fcrmontage. Bei Eigenmontage anbei ein paar Hilfestellungen f\u00fcr Sie&#8230; &gt;&gt; T\u00fcrmontage-Tipps[\/vc_column_text][\/vc_column][vc_column width=&#8220;1\/2&#8243;][vc_single_image image=&#8220;4276&#8243; img_size=&#8220;full&#8220; alignment=&#8220;center&#8220; style=&#8220;vc_box_shadow&#8220;][vc_single_image image=&#8220;4409&#8243; img_size=&#8220;full&#8220; alignment=&#8220;center&#8220; style=&#8220;vc_box_shadow&#8220;][\/vc_column][\/vc_row][vc_row][vc_column][\/vc_column][\/vc_row][vc_row][vc_column][vc_text_separator title=&#8220;&#8220;][vc_column_text] Holzmanufaktur &amp; Ordinationseinrichtungen Christian Schneider | Dr. Karl Rennerstr. 7 2203 Gro\u00dfebersdorf | Tel.: +43(0) 2245\/83 550 | Mobil: +43(0) 676\/954 19 62 | EMail: office@holzmanufaktur.co.at [&hellip;]","og_url":"http:\/\/www.holzmanufaktur.co.at\/cs1\/mehr-als-eine-tischlerei-2\/","og_site_name":"Holzmanufaktur Christian Schneider","article_modified_time":"2019-02-18T08:31:15+00:00","og_image":[{"url":"http:\/\/www.holzmanufaktur.co.at\/cs1\/wp-content\/uploads\/2019\/02\/fb_schneider.png"}],"twitter_card":"summary_large_image","twitter_misc":{"Gesch\u00e4tzte Lesezeit":"1 Minute"},"schema":{"@context":"https:\/\/schema.org","@graph":[{"@type":"WebPage","@id":"http:\/\/www.holzmanufaktur.co.at\/cs1\/mehr-als-eine-tischlerei-2\/","url":"http:\/\/www.holzmanufaktur.co.at\/cs1\/mehr-als-eine-tischlerei-2\/","name":"Tipps - Holzmanufaktur Christian Schneider","isPartOf":{"@id":"http:\/\/www.holzmanufaktur.co.at\/cs1\/#website"},"datePublished":"2019-02-13T15:53:37+00:00","dateModified":"2019-02-18T08:31:15+00:00","breadcrumb":{"@id":"http:\/\/www.holzmanufaktur.co.at\/cs1\/mehr-als-eine-tischlerei-2\/#breadcrumb"},"inLanguage":"de-DE","potentialAction":[{"@type":"ReadAction","target":["http:\/\/www.holzmanufaktur.co.at\/cs1\/mehr-als-eine-tischlerei-2\/"]}]},{"@type":"BreadcrumbList","@id":"http:\/\/www.holzmanufaktur.co.at\/cs1\/mehr-als-eine-tischlerei-2\/#breadcrumb","itemListElement":[{"@type":"ListItem","position":1,"name":"Home","item":"http:\/\/www.holzmanufaktur.co.at\/cs1\/"},{"@type":"ListItem","position":2,"name":"Tipps"}]},{"@type":"WebSite","@id":"http:\/\/www.holzmanufaktur.co.at\/cs1\/#website","url":"http:\/\/www.holzmanufaktur.co.at\/cs1\/","name":"Holzmanufaktur Christian Schneider","description":"... mehr als eine Tischlerei","publisher":{"@id":"http:\/\/www.holzmanufaktur.co.at\/cs1\/#organization"},"potentialAction":[{"@type":"SearchAction","target":{"@type":"EntryPoint","urlTemplate":"http:\/\/www.holzmanufaktur.co.at\/cs1\/?s={search_term_string}"},"query-input":"required name=search_term_string"}],"inLanguage":"de-DE"},{"@type":"Organization","@id":"http:\/\/www.holzmanufaktur.co.at\/cs1\/#organization","name":"Holzmanufaktur Christian Schneider","url":"http:\/\/www.holzmanufaktur.co.at\/cs1\/","sameAs":[],"logo":{"@type":"ImageObject","inLanguage":"de-DE","@id":"http:\/\/www.holzmanufaktur.co.at\/cs1\/#\/schema\/logo\/image\/","url":"http:\/\/www.holzmanufaktur.co.at\/cs1\/wp-content\/uploads\/2014\/11\/holzmanu_logo2014_login_2.png","contentUrl":"http:\/\/www.holzmanufaktur.co.at\/cs1\/wp-content\/uploads\/2014\/11\/holzmanu_logo2014_login_2.png","width":600,"height":223,"caption":"Holzmanufaktur Christian Schneider"},"image":{"@id":"http:\/\/www.holzmanufaktur.co.at\/cs1\/#\/schema\/logo\/image\/"}}]}},"_links":{"self":[{"href":"http:\/\/www.holzmanufaktur.co.at\/cs1\/wp-json\/wp\/v2\/pages\/4570"}],"collection":[{"href":"http:\/\/www.holzmanufaktur.co.at\/cs1\/wp-json\/wp\/v2\/pages"}],"about":[{"href":"http:\/\/www.holzmanufaktur.co.at\/cs1\/wp-json\/wp\/v2\/types\/page"}],"author":[{"embeddable":true,"href":"http:\/\/www.holzmanufaktur.co.at\/cs1\/wp-json\/wp\/v2\/users\/2"}],"replies":[{"embeddable":true,"href":"http:\/\/www.holzmanufaktur.co.at\/cs1\/wp-json\/wp\/v2\/comments?post=4570"}],"version-history":[{"count":7,"href":"http:\/\/www.holzmanufaktur.co.at\/cs1\/wp-json\/wp\/v2\/pages\/4570\/revisions"}],"predecessor-version":[{"id":4635,"href":"http:\/\/www.holzmanufaktur.co.at\/cs1\/wp-json\/wp\/v2\/pages\/4570\/revisions\/4635"}],"wp:attachment":[{"href":"http:\/\/www.holzmanufaktur.co.at\/cs1\/wp-json\/wp\/v2\/media?parent=4570"}],"curies":[{"name":"wp","href":"https:\/\/api.w.org\/{rel}","templated":true}]}}