{"id":4685,"date":"2019-07-17T11:23:39","date_gmt":"2019-07-17T09:23:39","guid":{"rendered":"http:\/\/www.holzmanufaktur.co.at\/cs1\/?page_id=4685"},"modified":"2019-07-23T08:15:07","modified_gmt":"2019-07-23T06:15:07","slug":"meinwunsch","status":"publish","type":"page","link":"http:\/\/www.holzmanufaktur.co.at\/cs1\/meinwunsch\/","title":{"rendered":"Mein Wunsch"},"content":{"rendered":"[vc_row][vc_column width=&#8220;1\/2&#8243;]<div class=\"shortcode-wrapper shortcode-title clearfix\"><p class=\"hb-text-large \">Mein Wunsch<\/p><\/div><div class=\"shortcode-wrapper shortcode-spacer clearfix\"><div class=\"spacer\" style=\"height:20px;\"><\/div><\/div>[vc_column_text]Wir realisieren Ihre Wohntr\u00e4ume und erf\u00fcllen gerne alle gro\u00dfen und kleinen W\u00fcnsche. Daf\u00fcr verarbeiten wir Holz in h\u00f6chster Qualit\u00e4t, regional und made in Austria. Von der Planung bis zur Umsetzung erhalten Sie von uns alles aus einer Hand. Rasch und kompetent. Gerne liefern wir auch die passenden Ideen&#8230; erste Anregungen finden Sie in unserer <a href=\"http:\/\/www.holzmanufaktur.co.at\/cs1\/referenzen_allgemein\/\" target=\"_blank\" rel=\"noopener noreferrer\">Galerie<\/a>.<\/p>\n<p>Wir bieten ma\u00dfgeschneiderte L\u00f6sungen f\u00fcr Ihr zu Hause! Holz-M\u00f6bel von Ihrem Meister-Tischlerei Betrieb sind besonders langlebig, individuell im Design, praktische Stauraum-Wunder und was besonders wichtig ist: sie bereiten lange Freude!<\/p>\n<p><strong><span style=\"color: #99cc00;\">Was darf es f\u00fcr Sie sein?<\/span> <\/strong><br \/>\nEine neue Wohlf\u00fchl-Badeoase, eine moderne K\u00fcche oder ein Schlafzimmer, dass zum Tr\u00e4umen einl\u00e4dt? Es gibt bestimmt viele Holz-W\u00fcnsche&#8230; und wir sind die richtigen Ansprechpartner daf\u00fcr. Denn wir lieben Holz und verstehen es auch, mit Glas-Metall-Stein umzugehen.<\/p>\n<p><span style=\"color: #0000ff;\"><a style=\"color: #0000ff;\" href=\"http:\/\/www.holzmanufaktur.co.at\/cs1\/kontakt\/\" target=\"_blank\" rel=\"noopener noreferrer\">Kontaktieren Sie uns gerne!<\/a><\/span><br \/>\nWir beraten Sie vor Ort, bei Ihnen daheim in Wien und Nieder\u00f6sterreich oder bei uns im Schauraum in Gro\u00dfebersdorf (in der N\u00e4he vom G3 Einkaufscenter).<\/p>\n<p><strong><span style=\"color: #99cc00;\">Wie geht es weiter?<\/span><\/strong><br \/>\nGerne erstellen wir f\u00fcr Sie ein unverbindliches Anbot, vermessen alles f\u00fcr Sie und setzen Ihre Ideen grafisch um. Zu ihrem gew\u00fcnschten Liefertermin erfolgt die Montage durch unsere erfahrenen, langj\u00e4hrigen Mitarbeiter.<\/p>\n<p><a href=\"\/cs1\/kontakt\/\">&gt;&gt; zur Kontaktseite<\/a>[\/vc_column_text][\/vc_column][vc_column width=&#8220;1\/2&#8243;][vc_single_image image=&#8220;4655&#8243; img_size=&#8220;full&#8220; alignment=&#8220;center&#8220; style=&#8220;vc_box_shadow&#8220;][vc_single_image image=&#8220;4649&#8243; img_size=&#8220;full&#8220; alignment=&#8220;center&#8220; style=&#8220;vc_box_shadow&#8220;]<div class=\"shortcode-wrapper shortcode-spacer clearfix\"><div class=\"spacer\" style=\"height:20px;\"><\/div><\/div>[\/vc_column][\/vc_row][vc_row][vc_column]<div class=\"fw-section hb-fw-69f43cf736a45 without-border light-style\" style=\"margin-top:0px;margin-bottom:0px;padding-top:100px;padding-bottom:100px;\"><div class=\"row fw-content-wrap\"><div class=\"col-12 nbm\">\n<h1 style=\"text-align: center;\"><span style=\"color: #808080;\">&#8222;Nur vom Nutzen wird die Welt regiert.&#8220;<\/span><\/h1>\n<\/div><\/div><div class=\"video-overlay\"><\/div><\/div>[\/vc_column][\/vc_row][vc_row][vc_column][vc_text_separator title=&#8220;&#8220;][vc_column_text]\n<p style=\"text-align: center;\">Holzmanufaktur &amp; Ordinationseinrichtungen Christian Schneider | Dr. Karl Rennerstr. 7<br \/>\n2203 Gro\u00dfebersdorf | Tel.: +43(0) 2245\/83 550 | Mobil: +43(0) 676\/954 19 62 | EMail: <a href=\"mailto:office@holzmanufaktur.co.at\">office@holzmanufaktur.co.at<\/a><\/p>\n<p style=\"text-align: center;\"><a href=\"https:\/\/www.facebook.com\/Holzmanufaktur.co.at\/\" target=\"_blank\" rel=\"noopener noreferrer\"><img loading=\"lazy\" class=\"alignnone size-full wp-image-4579\" src=\"http:\/\/www.holzmanufaktur.co.at\/cs1\/wp-content\/uploads\/2019\/02\/fb_schneider.png\" alt=\"\" width=\"50\" height=\"50\" \/><\/a>\u00a0<a href=\"https:\/\/www.instagram.com\/holzmanufaktur_cs\/\" target=\"_blank\" rel=\"noopener noreferrer\"><img loading=\"lazy\" class=\"alignnone size-full wp-image-4581\" src=\"http:\/\/www.holzmanufaktur.co.at\/cs1\/wp-content\/uploads\/2019\/02\/insta_schneider.jpg\" alt=\"\" width=\"50\" height=\"50\" \/><\/a><\/p>\n[\/vc_column_text][\/vc_column][\/vc_row]\n","protected":false},"excerpt":{"rendered":"<p>[vc_row][vc_column width=&#8220;1\/2&#8243;][vc_column_text]Wir realisieren Ihre Wohntr\u00e4ume und erf\u00fcllen gerne alle gro\u00dfen und kleinen W\u00fcnsche. Daf\u00fcr verarbeiten wir Holz in h\u00f6chster Qualit\u00e4t, regional und made in Austria. Von der Planung bis zur Umsetzung erhalten Sie von uns alles aus einer Hand. Rasch und kompetent. Gerne liefern wir auch die passenden Ideen&#8230; erste Anregungen finden Sie in unserer [&hellip;]<\/p>\n","protected":false},"author":2,"featured_media":0,"parent":0,"menu_order":0,"comment_status":"closed","ping_status":"closed","template":"","meta":{"_links_to":"","_links_to_target":""},"yoast_head":"<!-- This site is optimized with the Yoast SEO plugin v19.6 - https:\/\/yoast.com\/wordpress\/plugins\/seo\/ -->\n<title>Mein Wunsch - Holzmanufaktur Christian Schneider<\/title>\n<meta name=\"robots\" content=\"index, follow, max-snippet:-1, max-image-preview:large, max-video-preview:-1\" \/>\n<link rel=\"canonical\" href=\"http:\/\/www.holzmanufaktur.co.at\/cs1\/meinwunsch\/\" \/>\n<meta property=\"og:locale\" content=\"de_DE\" \/>\n<meta property=\"og:type\" content=\"article\" \/>\n<meta property=\"og:title\" content=\"Mein Wunsch - Holzmanufaktur Christian Schneider\" \/>\n<meta property=\"og:description\" content=\"[vc_row][vc_column width=&#8220;1\/2&#8243;][vc_column_text]Wir realisieren Ihre Wohntr\u00e4ume und erf\u00fcllen gerne alle gro\u00dfen und kleinen W\u00fcnsche. Daf\u00fcr verarbeiten wir Holz in h\u00f6chster Qualit\u00e4t, regional und made in Austria. Von der Planung bis zur Umsetzung erhalten Sie von uns alles aus einer Hand. Rasch und kompetent. Gerne liefern wir auch die passenden Ideen&#8230; erste Anregungen finden Sie in unserer [&hellip;]\" \/>\n<meta property=\"og:url\" content=\"http:\/\/www.holzmanufaktur.co.at\/cs1\/meinwunsch\/\" \/>\n<meta property=\"og:site_name\" content=\"Holzmanufaktur Christian Schneider\" \/>\n<meta property=\"article:modified_time\" content=\"2019-07-23T06:15:07+00:00\" \/>\n<meta property=\"og:image\" content=\"http:\/\/www.holzmanufaktur.co.at\/cs1\/wp-content\/uploads\/2019\/02\/fb_schneider.png\" \/>\n<meta name=\"twitter:card\" content=\"summary_large_image\" \/>\n<meta name=\"twitter:label1\" content=\"Gesch\u00e4tzte Lesezeit\" \/>\n\t<meta name=\"twitter:data1\" content=\"2 Minuten\" \/>\n<script type=\"application\/ld+json\" class=\"yoast-schema-graph\">{\"@context\":\"https:\/\/schema.org\",\"@graph\":[{\"@type\":\"WebPage\",\"@id\":\"http:\/\/www.holzmanufaktur.co.at\/cs1\/meinwunsch\/\",\"url\":\"http:\/\/www.holzmanufaktur.co.at\/cs1\/meinwunsch\/\",\"name\":\"Mein Wunsch - Holzmanufaktur Christian Schneider\",\"isPartOf\":{\"@id\":\"http:\/\/www.holzmanufaktur.co.at\/cs1\/#website\"},\"datePublished\":\"2019-07-17T09:23:39+00:00\",\"dateModified\":\"2019-07-23T06:15:07+00:00\",\"breadcrumb\":{\"@id\":\"http:\/\/www.holzmanufaktur.co.at\/cs1\/meinwunsch\/#breadcrumb\"},\"inLanguage\":\"de-DE\",\"potentialAction\":[{\"@type\":\"ReadAction\",\"target\":[\"http:\/\/www.holzmanufaktur.co.at\/cs1\/meinwunsch\/\"]}]},{\"@type\":\"BreadcrumbList\",\"@id\":\"http:\/\/www.holzmanufaktur.co.at\/cs1\/meinwunsch\/#breadcrumb\",\"itemListElement\":[{\"@type\":\"ListItem\",\"position\":1,\"name\":\"Home\",\"item\":\"http:\/\/www.holzmanufaktur.co.at\/cs1\/\"},{\"@type\":\"ListItem\",\"position\":2,\"name\":\"Mein Wunsch\"}]},{\"@type\":\"WebSite\",\"@id\":\"http:\/\/www.holzmanufaktur.co.at\/cs1\/#website\",\"url\":\"http:\/\/www.holzmanufaktur.co.at\/cs1\/\",\"name\":\"Holzmanufaktur Christian Schneider\",\"description\":\"... mehr als eine Tischlerei\",\"publisher\":{\"@id\":\"http:\/\/www.holzmanufaktur.co.at\/cs1\/#organization\"},\"potentialAction\":[{\"@type\":\"SearchAction\",\"target\":{\"@type\":\"EntryPoint\",\"urlTemplate\":\"http:\/\/www.holzmanufaktur.co.at\/cs1\/?s={search_term_string}\"},\"query-input\":\"required name=search_term_string\"}],\"inLanguage\":\"de-DE\"},{\"@type\":\"Organization\",\"@id\":\"http:\/\/www.holzmanufaktur.co.at\/cs1\/#organization\",\"name\":\"Holzmanufaktur Christian Schneider\",\"url\":\"http:\/\/www.holzmanufaktur.co.at\/cs1\/\",\"sameAs\":[],\"logo\":{\"@type\":\"ImageObject\",\"inLanguage\":\"de-DE\",\"@id\":\"http:\/\/www.holzmanufaktur.co.at\/cs1\/#\/schema\/logo\/image\/\",\"url\":\"http:\/\/www.holzmanufaktur.co.at\/cs1\/wp-content\/uploads\/2014\/11\/holzmanu_logo2014_login_2.png\",\"contentUrl\":\"http:\/\/www.holzmanufaktur.co.at\/cs1\/wp-content\/uploads\/2014\/11\/holzmanu_logo2014_login_2.png\",\"width\":600,\"height\":223,\"caption\":\"Holzmanufaktur Christian Schneider\"},\"image\":{\"@id\":\"http:\/\/www.holzmanufaktur.co.at\/cs1\/#\/schema\/logo\/image\/\"}}]}<\/script>\n<!-- \/ Yoast SEO plugin. -->","yoast_head_json":{"title":"Mein Wunsch - Holzmanufaktur Christian Schneider","robots":{"index":"index","follow":"follow","max-snippet":"max-snippet:-1","max-image-preview":"max-image-preview:large","max-video-preview":"max-video-preview:-1"},"canonical":"http:\/\/www.holzmanufaktur.co.at\/cs1\/meinwunsch\/","og_locale":"de_DE","og_type":"article","og_title":"Mein Wunsch - Holzmanufaktur Christian Schneider","og_description":"[vc_row][vc_column width=&#8220;1\/2&#8243;][vc_column_text]Wir realisieren Ihre Wohntr\u00e4ume und erf\u00fcllen gerne alle gro\u00dfen und kleinen W\u00fcnsche. Daf\u00fcr verarbeiten wir Holz in h\u00f6chster Qualit\u00e4t, regional und made in Austria. Von der Planung bis zur Umsetzung erhalten Sie von uns alles aus einer Hand. Rasch und kompetent. Gerne liefern wir auch die passenden Ideen&#8230; erste Anregungen finden Sie in unserer [&hellip;]","og_url":"http:\/\/www.holzmanufaktur.co.at\/cs1\/meinwunsch\/","og_site_name":"Holzmanufaktur Christian Schneider","article_modified_time":"2019-07-23T06:15:07+00:00","og_image":[{"url":"http:\/\/www.holzmanufaktur.co.at\/cs1\/wp-content\/uploads\/2019\/02\/fb_schneider.png"}],"twitter_card":"summary_large_image","twitter_misc":{"Gesch\u00e4tzte Lesezeit":"2 Minuten"},"schema":{"@context":"https:\/\/schema.org","@graph":[{"@type":"WebPage","@id":"http:\/\/www.holzmanufaktur.co.at\/cs1\/meinwunsch\/","url":"http:\/\/www.holzmanufaktur.co.at\/cs1\/meinwunsch\/","name":"Mein Wunsch - Holzmanufaktur Christian Schneider","isPartOf":{"@id":"http:\/\/www.holzmanufaktur.co.at\/cs1\/#website"},"datePublished":"2019-07-17T09:23:39+00:00","dateModified":"2019-07-23T06:15:07+00:00","breadcrumb":{"@id":"http:\/\/www.holzmanufaktur.co.at\/cs1\/meinwunsch\/#breadcrumb"},"inLanguage":"de-DE","potentialAction":[{"@type":"ReadAction","target":["http:\/\/www.holzmanufaktur.co.at\/cs1\/meinwunsch\/"]}]},{"@type":"BreadcrumbList","@id":"http:\/\/www.holzmanufaktur.co.at\/cs1\/meinwunsch\/#breadcrumb","itemListElement":[{"@type":"ListItem","position":1,"name":"Home","item":"http:\/\/www.holzmanufaktur.co.at\/cs1\/"},{"@type":"ListItem","position":2,"name":"Mein Wunsch"}]},{"@type":"WebSite","@id":"http:\/\/www.holzmanufaktur.co.at\/cs1\/#website","url":"http:\/\/www.holzmanufaktur.co.at\/cs1\/","name":"Holzmanufaktur Christian Schneider","description":"... mehr als eine Tischlerei","publisher":{"@id":"http:\/\/www.holzmanufaktur.co.at\/cs1\/#organization"},"potentialAction":[{"@type":"SearchAction","target":{"@type":"EntryPoint","urlTemplate":"http:\/\/www.holzmanufaktur.co.at\/cs1\/?s={search_term_string}"},"query-input":"required name=search_term_string"}],"inLanguage":"de-DE"},{"@type":"Organization","@id":"http:\/\/www.holzmanufaktur.co.at\/cs1\/#organization","name":"Holzmanufaktur Christian Schneider","url":"http:\/\/www.holzmanufaktur.co.at\/cs1\/","sameAs":[],"logo":{"@type":"ImageObject","inLanguage":"de-DE","@id":"http:\/\/www.holzmanufaktur.co.at\/cs1\/#\/schema\/logo\/image\/","url":"http:\/\/www.holzmanufaktur.co.at\/cs1\/wp-content\/uploads\/2014\/11\/holzmanu_logo2014_login_2.png","contentUrl":"http:\/\/www.holzmanufaktur.co.at\/cs1\/wp-content\/uploads\/2014\/11\/holzmanu_logo2014_login_2.png","width":600,"height":223,"caption":"Holzmanufaktur Christian Schneider"},"image":{"@id":"http:\/\/www.holzmanufaktur.co.at\/cs1\/#\/schema\/logo\/image\/"}}]}},"_links":{"self":[{"href":"http:\/\/www.holzmanufaktur.co.at\/cs1\/wp-json\/wp\/v2\/pages\/4685"}],"collection":[{"href":"http:\/\/www.holzmanufaktur.co.at\/cs1\/wp-json\/wp\/v2\/pages"}],"about":[{"href":"http:\/\/www.holzmanufaktur.co.at\/cs1\/wp-json\/wp\/v2\/types\/page"}],"author":[{"embeddable":true,"href":"http:\/\/www.holzmanufaktur.co.at\/cs1\/wp-json\/wp\/v2\/users\/2"}],"replies":[{"embeddable":true,"href":"http:\/\/www.holzmanufaktur.co.at\/cs1\/wp-json\/wp\/v2\/comments?post=4685"}],"version-history":[{"count":6,"href":"http:\/\/www.holzmanufaktur.co.at\/cs1\/wp-json\/wp\/v2\/pages\/4685\/revisions"}],"predecessor-version":[{"id":4723,"href":"http:\/\/www.holzmanufaktur.co.at\/cs1\/wp-json\/wp\/v2\/pages\/4685\/revisions\/4723"}],"wp:attachment":[{"href":"http:\/\/www.holzmanufaktur.co.at\/cs1\/wp-json\/wp\/v2\/media?parent=4685"}],"curies":[{"name":"wp","href":"https:\/\/api.w.org\/{rel}","templated":true}]}}