{"id":4701,"date":"2019-07-21T12:10:47","date_gmt":"2019-07-21T10:10:47","guid":{"rendered":"http:\/\/www.holzmanufaktur.co.at\/cs1\/?page_id=4701"},"modified":"2019-07-25T14:09:45","modified_gmt":"2019-07-25T12:09:45","slug":"esszimmer","status":"publish","type":"page","link":"http:\/\/www.holzmanufaktur.co.at\/cs1\/meinwunsch\/esszimmer\/","title":{"rendered":"Esszimmer"},"content":{"rendered":"[vc_row][vc_column width=&#8220;1\/2&#8243;]<div class=\"shortcode-wrapper shortcode-title clearfix\"><p class=\"hb-text-large \">Esszimmer<\/p><\/div><div class=\"shortcode-wrapper shortcode-spacer clearfix\"><div class=\"spacer\" style=\"height:20px;\"><\/div><\/div>[vc_column_text]Wo Liebe den Tisch deckt, schmeckt es am Besten!<\/p>\n<p>Gemeinsam essen, lachen und reden. Zusammenkommen und an einem Tisch Platz nehmen auf der bequemen Sitzm\u00f6glichkeit. Das Lieblingsessen genie\u00dfen. Unser besonderer Esstisch spielt dabei eine tragende Rolle. Als wundersch\u00f6nes Unikat aus Holz in bester Qualit\u00e4t, made in Austria. Damit Sie lange eine Freude daran haben.<\/p>\n<p><span style=\"color: #99cc00;\">Wir<\/span> <span style=\"color: #99cc00;\">k\u00fcmmern uns um alle Details, bei der Planung ihres Essplatzes<\/span>!<\/p>\n<p>W\u00e4hlen Sie aus vielen verschiedenen Holzarten wie Birne, Nuss, Buche und einigen mehr! Sitzbez\u00fcge suchen Sie sich in ihrer Wunschfarbe aus. Auch Sideboards fertigen gerne wir passend f\u00fcr Sie dazu. F\u00fcr einen Esszimmer ganz nach Ihrem Geschmack.<\/p>\n<p>Vereinbaren Sie Ihren Wunschtermin! Gerne erstellen wir Ihnen ein unverbindliches Anbot.<\/p>\n<p><a href=\"cs1\/kontakt\/\">&gt;&gt; zum Kontaktformular<\/a>[\/vc_column_text][\/vc_column][vc_column width=&#8220;1\/2&#8243;][vc_single_image image=&#8220;4654&#8243; img_size=&#8220;full&#8220; alignment=&#8220;center&#8220; style=&#8220;vc_box_shadow&#8220;][vc_single_image image=&#8220;4406&#8243; img_size=&#8220;full&#8220; alignment=&#8220;center&#8220; style=&#8220;vc_box_shadow&#8220;]<div class=\"shortcode-wrapper shortcode-spacer clearfix\"><div class=\"spacer\" style=\"height:20px;\"><\/div><\/div>[\/vc_column][\/vc_row][vc_row][vc_column]<div class=\"fw-section hb-fw-6a08f5fccd213 without-border light-style\" style=\"margin-top:0px;margin-bottom:0px;padding-top:100px;padding-bottom:100px;\"><div class=\"row fw-content-wrap\"><div class=\"col-12 nbm\">\n<h1 style=\"text-align: center;\"><span style=\"color: #808080;\">&#8222;L\u00f6sen Sie Probleme am besten dann, wenn sie noch ganz klein sind.&#8220;<\/span><\/h1>\n<\/div><\/div><div class=\"video-overlay\"><\/div><\/div>[\/vc_column][\/vc_row][vc_row][vc_column][vc_text_separator title=&#8220;&#8220;][vc_column_text]\n<p style=\"text-align: center;\">Holzmanufaktur &amp; Ordinationseinrichtungen Christian Schneider | Dr. Karl Rennerstr. 7<br \/>\n2203 Gro\u00dfebersdorf | Tel.: +43(0) 2245\/83 550 | Mobil: +43(0) 676\/954 19 62 | EMail: <a href=\"mailto:office@holzmanufaktur.co.at\">office@holzmanufaktur.co.at<\/a><\/p>\n[\/vc_column_text][\/vc_column][\/vc_row]\n","protected":false},"excerpt":{"rendered":"<p>[vc_row][vc_column width=&#8220;1\/2&#8243;][vc_column_text]Wo Liebe den Tisch deckt, schmeckt es am Besten! Gemeinsam essen, lachen und reden. Zusammenkommen und an einem Tisch Platz nehmen auf der bequemen Sitzm\u00f6glichkeit. Das Lieblingsessen genie\u00dfen. Unser besonderer Esstisch spielt dabei eine tragende Rolle. Als wundersch\u00f6nes Unikat aus Holz in bester Qualit\u00e4t, made in Austria. Damit Sie lange eine Freude daran haben. [&hellip;]<\/p>\n","protected":false},"author":2,"featured_media":0,"parent":4685,"menu_order":0,"comment_status":"closed","ping_status":"closed","template":"","meta":{"_links_to":"","_links_to_target":""},"yoast_head":"<!-- This site is optimized with the Yoast SEO plugin v19.6 - https:\/\/yoast.com\/wordpress\/plugins\/seo\/ -->\n<title>Esszimmer - Holzmanufaktur Christian Schneider<\/title>\n<meta name=\"robots\" content=\"index, follow, max-snippet:-1, max-image-preview:large, max-video-preview:-1\" \/>\n<link rel=\"canonical\" href=\"http:\/\/www.holzmanufaktur.co.at\/cs1\/meinwunsch\/esszimmer\/\" \/>\n<meta property=\"og:locale\" content=\"de_DE\" \/>\n<meta property=\"og:type\" content=\"article\" \/>\n<meta property=\"og:title\" content=\"Esszimmer - Holzmanufaktur Christian Schneider\" \/>\n<meta property=\"og:description\" content=\"[vc_row][vc_column width=&#8220;1\/2&#8243;][vc_column_text]Wo Liebe den Tisch deckt, schmeckt es am Besten! Gemeinsam essen, lachen und reden. Zusammenkommen und an einem Tisch Platz nehmen auf der bequemen Sitzm\u00f6glichkeit. Das Lieblingsessen genie\u00dfen. Unser besonderer Esstisch spielt dabei eine tragende Rolle. Als wundersch\u00f6nes Unikat aus Holz in bester Qualit\u00e4t, made in Austria. Damit Sie lange eine Freude daran haben. [&hellip;]\" \/>\n<meta property=\"og:url\" content=\"http:\/\/www.holzmanufaktur.co.at\/cs1\/meinwunsch\/esszimmer\/\" \/>\n<meta property=\"og:site_name\" content=\"Holzmanufaktur Christian Schneider\" \/>\n<meta property=\"article:modified_time\" content=\"2019-07-25T12:09:45+00:00\" \/>\n<meta name=\"twitter:card\" content=\"summary_large_image\" \/>\n<meta name=\"twitter:label1\" content=\"Gesch\u00e4tzte Lesezeit\" \/>\n\t<meta name=\"twitter:data1\" content=\"1 Minute\" \/>\n<script type=\"application\/ld+json\" class=\"yoast-schema-graph\">{\"@context\":\"https:\/\/schema.org\",\"@graph\":[{\"@type\":\"WebPage\",\"@id\":\"http:\/\/www.holzmanufaktur.co.at\/cs1\/meinwunsch\/esszimmer\/\",\"url\":\"http:\/\/www.holzmanufaktur.co.at\/cs1\/meinwunsch\/esszimmer\/\",\"name\":\"Esszimmer - Holzmanufaktur Christian Schneider\",\"isPartOf\":{\"@id\":\"http:\/\/www.holzmanufaktur.co.at\/cs1\/#website\"},\"datePublished\":\"2019-07-21T10:10:47+00:00\",\"dateModified\":\"2019-07-25T12:09:45+00:00\",\"breadcrumb\":{\"@id\":\"http:\/\/www.holzmanufaktur.co.at\/cs1\/meinwunsch\/esszimmer\/#breadcrumb\"},\"inLanguage\":\"de-DE\",\"potentialAction\":[{\"@type\":\"ReadAction\",\"target\":[\"http:\/\/www.holzmanufaktur.co.at\/cs1\/meinwunsch\/esszimmer\/\"]}]},{\"@type\":\"BreadcrumbList\",\"@id\":\"http:\/\/www.holzmanufaktur.co.at\/cs1\/meinwunsch\/esszimmer\/#breadcrumb\",\"itemListElement\":[{\"@type\":\"ListItem\",\"position\":1,\"name\":\"Home\",\"item\":\"http:\/\/www.holzmanufaktur.co.at\/cs1\/\"},{\"@type\":\"ListItem\",\"position\":2,\"name\":\"Mein Wunsch\",\"item\":\"http:\/\/www.holzmanufaktur.co.at\/cs1\/meinwunsch\/\"},{\"@type\":\"ListItem\",\"position\":3,\"name\":\"Esszimmer\"}]},{\"@type\":\"WebSite\",\"@id\":\"http:\/\/www.holzmanufaktur.co.at\/cs1\/#website\",\"url\":\"http:\/\/www.holzmanufaktur.co.at\/cs1\/\",\"name\":\"Holzmanufaktur Christian Schneider\",\"description\":\"... mehr als eine Tischlerei\",\"publisher\":{\"@id\":\"http:\/\/www.holzmanufaktur.co.at\/cs1\/#organization\"},\"potentialAction\":[{\"@type\":\"SearchAction\",\"target\":{\"@type\":\"EntryPoint\",\"urlTemplate\":\"http:\/\/www.holzmanufaktur.co.at\/cs1\/?s={search_term_string}\"},\"query-input\":\"required name=search_term_string\"}],\"inLanguage\":\"de-DE\"},{\"@type\":\"Organization\",\"@id\":\"http:\/\/www.holzmanufaktur.co.at\/cs1\/#organization\",\"name\":\"Holzmanufaktur Christian Schneider\",\"url\":\"http:\/\/www.holzmanufaktur.co.at\/cs1\/\",\"sameAs\":[],\"logo\":{\"@type\":\"ImageObject\",\"inLanguage\":\"de-DE\",\"@id\":\"http:\/\/www.holzmanufaktur.co.at\/cs1\/#\/schema\/logo\/image\/\",\"url\":\"http:\/\/www.holzmanufaktur.co.at\/cs1\/wp-content\/uploads\/2014\/11\/holzmanu_logo2014_login_2.png\",\"contentUrl\":\"http:\/\/www.holzmanufaktur.co.at\/cs1\/wp-content\/uploads\/2014\/11\/holzmanu_logo2014_login_2.png\",\"width\":600,\"height\":223,\"caption\":\"Holzmanufaktur Christian Schneider\"},\"image\":{\"@id\":\"http:\/\/www.holzmanufaktur.co.at\/cs1\/#\/schema\/logo\/image\/\"}}]}<\/script>\n<!-- \/ Yoast SEO plugin. -->","yoast_head_json":{"title":"Esszimmer - Holzmanufaktur Christian Schneider","robots":{"index":"index","follow":"follow","max-snippet":"max-snippet:-1","max-image-preview":"max-image-preview:large","max-video-preview":"max-video-preview:-1"},"canonical":"http:\/\/www.holzmanufaktur.co.at\/cs1\/meinwunsch\/esszimmer\/","og_locale":"de_DE","og_type":"article","og_title":"Esszimmer - Holzmanufaktur Christian Schneider","og_description":"[vc_row][vc_column width=&#8220;1\/2&#8243;][vc_column_text]Wo Liebe den Tisch deckt, schmeckt es am Besten! Gemeinsam essen, lachen und reden. Zusammenkommen und an einem Tisch Platz nehmen auf der bequemen Sitzm\u00f6glichkeit. Das Lieblingsessen genie\u00dfen. Unser besonderer Esstisch spielt dabei eine tragende Rolle. Als wundersch\u00f6nes Unikat aus Holz in bester Qualit\u00e4t, made in Austria. Damit Sie lange eine Freude daran haben. [&hellip;]","og_url":"http:\/\/www.holzmanufaktur.co.at\/cs1\/meinwunsch\/esszimmer\/","og_site_name":"Holzmanufaktur Christian Schneider","article_modified_time":"2019-07-25T12:09:45+00:00","twitter_card":"summary_large_image","twitter_misc":{"Gesch\u00e4tzte Lesezeit":"1 Minute"},"schema":{"@context":"https:\/\/schema.org","@graph":[{"@type":"WebPage","@id":"http:\/\/www.holzmanufaktur.co.at\/cs1\/meinwunsch\/esszimmer\/","url":"http:\/\/www.holzmanufaktur.co.at\/cs1\/meinwunsch\/esszimmer\/","name":"Esszimmer - Holzmanufaktur Christian Schneider","isPartOf":{"@id":"http:\/\/www.holzmanufaktur.co.at\/cs1\/#website"},"datePublished":"2019-07-21T10:10:47+00:00","dateModified":"2019-07-25T12:09:45+00:00","breadcrumb":{"@id":"http:\/\/www.holzmanufaktur.co.at\/cs1\/meinwunsch\/esszimmer\/#breadcrumb"},"inLanguage":"de-DE","potentialAction":[{"@type":"ReadAction","target":["http:\/\/www.holzmanufaktur.co.at\/cs1\/meinwunsch\/esszimmer\/"]}]},{"@type":"BreadcrumbList","@id":"http:\/\/www.holzmanufaktur.co.at\/cs1\/meinwunsch\/esszimmer\/#breadcrumb","itemListElement":[{"@type":"ListItem","position":1,"name":"Home","item":"http:\/\/www.holzmanufaktur.co.at\/cs1\/"},{"@type":"ListItem","position":2,"name":"Mein Wunsch","item":"http:\/\/www.holzmanufaktur.co.at\/cs1\/meinwunsch\/"},{"@type":"ListItem","position":3,"name":"Esszimmer"}]},{"@type":"WebSite","@id":"http:\/\/www.holzmanufaktur.co.at\/cs1\/#website","url":"http:\/\/www.holzmanufaktur.co.at\/cs1\/","name":"Holzmanufaktur Christian Schneider","description":"... mehr als eine Tischlerei","publisher":{"@id":"http:\/\/www.holzmanufaktur.co.at\/cs1\/#organization"},"potentialAction":[{"@type":"SearchAction","target":{"@type":"EntryPoint","urlTemplate":"http:\/\/www.holzmanufaktur.co.at\/cs1\/?s={search_term_string}"},"query-input":"required name=search_term_string"}],"inLanguage":"de-DE"},{"@type":"Organization","@id":"http:\/\/www.holzmanufaktur.co.at\/cs1\/#organization","name":"Holzmanufaktur Christian Schneider","url":"http:\/\/www.holzmanufaktur.co.at\/cs1\/","sameAs":[],"logo":{"@type":"ImageObject","inLanguage":"de-DE","@id":"http:\/\/www.holzmanufaktur.co.at\/cs1\/#\/schema\/logo\/image\/","url":"http:\/\/www.holzmanufaktur.co.at\/cs1\/wp-content\/uploads\/2014\/11\/holzmanu_logo2014_login_2.png","contentUrl":"http:\/\/www.holzmanufaktur.co.at\/cs1\/wp-content\/uploads\/2014\/11\/holzmanu_logo2014_login_2.png","width":600,"height":223,"caption":"Holzmanufaktur Christian Schneider"},"image":{"@id":"http:\/\/www.holzmanufaktur.co.at\/cs1\/#\/schema\/logo\/image\/"}}]}},"_links":{"self":[{"href":"http:\/\/www.holzmanufaktur.co.at\/cs1\/wp-json\/wp\/v2\/pages\/4701"}],"collection":[{"href":"http:\/\/www.holzmanufaktur.co.at\/cs1\/wp-json\/wp\/v2\/pages"}],"about":[{"href":"http:\/\/www.holzmanufaktur.co.at\/cs1\/wp-json\/wp\/v2\/types\/page"}],"author":[{"embeddable":true,"href":"http:\/\/www.holzmanufaktur.co.at\/cs1\/wp-json\/wp\/v2\/users\/2"}],"replies":[{"embeddable":true,"href":"http:\/\/www.holzmanufaktur.co.at\/cs1\/wp-json\/wp\/v2\/comments?post=4701"}],"version-history":[{"count":2,"href":"http:\/\/www.holzmanufaktur.co.at\/cs1\/wp-json\/wp\/v2\/pages\/4701\/revisions"}],"predecessor-version":[{"id":4712,"href":"http:\/\/www.holzmanufaktur.co.at\/cs1\/wp-json\/wp\/v2\/pages\/4701\/revisions\/4712"}],"up":[{"embeddable":true,"href":"http:\/\/www.holzmanufaktur.co.at\/cs1\/wp-json\/wp\/v2\/pages\/4685"}],"wp:attachment":[{"href":"http:\/\/www.holzmanufaktur.co.at\/cs1\/wp-json\/wp\/v2\/media?parent=4701"}],"curies":[{"name":"wp","href":"https:\/\/api.w.org\/{rel}","templated":true}]}}